{"id":1381,"date":"2020-03-02T10:32:09","date_gmt":"2020-03-02T10:32:09","guid":{"rendered":"http:\/\/citygrasayventilacion.com\/?page_id=1381"},"modified":"2025-05-13T19:31:35","modified_gmt":"2025-05-13T19:31:35","slug":"eliminacion-de-olores-en-banos-y-cocinas","status":"publish","type":"page","link":"https:\/\/aghventilacionecologica.es\/index.php\/eliminacion-de-olores-en-banos-y-cocinas\/","title":{"rendered":"Eliminaci\u00f3n de Olores en Ba\u00f1os y Cocinas."},"content":{"rendered":"<h1>ELIMINACI\u00d3N DE OLORES EN BA\u00d1OS Y COCINAS<\/h1>\n<p><noscript><br \/>\nVENTILACI\u00d3N H\u00cdBRIDA (EcoPower), VENTILACI\u00d3N NATURAL , VENTILACI\u00d3N MEC\u00c1NICA (Extractor El\u00e9ctrico)\t\t\t\t<\/noscript><br \/>\n<!-- close .eael-fancy-text-container --><br \/>\n<img decoding=\"async\" title=\"\" src=\"http:\/\/aghventilacionecologica.es\/wp-content\/uploads\/2020\/04\/PORTADA-COMUNIDADES-2.png\" alt=\"\" \/><\/p>\n<h3>ELIMINACI\u00d3N DE OLORES EN BA\u00d1OS Y EN COCINAS<\/h3>\n<p><b>LIMPIEZA E INSPECCI\u00d3N DE CHIMENEA Y SHUNT DE VENTILACI\u00d3N<\/b><\/p>\n<p>Los SHUNT de ventilaci\u00f3n se deben limpiar y revisar cada 10 a\u00f1os debido a las continuas reformas que realizan los propietarios en sus cocinas y ba\u00f1os.<img fetchpriority=\"high\" decoding=\"async\" src=\"http:\/\/aghventilacionecologica.es\/wp-content\/uploads\/2021\/04\/fcc45b4d-dc1c-4c17-ba53-fcbc8c5bb80b-768x1024.jpg\" sizes=\"(max-width: 768px) 100vw, 768px\" srcset=\"http:\/\/aghventilacionecologica.es\/wp-content\/uploads\/2021\/04\/fcc45b4d-dc1c-4c17-ba53-fcbc8c5bb80b-768x1024.jpg 768w, http:\/\/aghventilacionecologica.es\/wp-content\/uploads\/2021\/04\/fcc45b4d-dc1c-4c17-ba53-fcbc8c5bb80b-225x300.jpg 225w, http:\/\/aghventilacionecologica.es\/wp-content\/uploads\/2021\/04\/fcc45b4d-dc1c-4c17-ba53-fcbc8c5bb80b-1152x1536.jpg 1152w, http:\/\/aghventilacionecologica.es\/wp-content\/uploads\/2021\/04\/fcc45b4d-dc1c-4c17-ba53-fcbc8c5bb80b.jpg 1200w\" alt=\"\" width=\"768\" height=\"1024\" \/><\/p>\n<p><b>DESATASCO DE CHIMENEAS Y SHUNT DE VENTILACI\u00d3N<\/b><\/p>\n<p>Se trabajar\u00e1 desde el tejado sin entrar en las viviendas, ayudado de herramientas especiales y c\u00e1mara de inspecci\u00f3n de TV.<\/p>\n<p>Se rehabilitar\u00e1 el shunt de ventilaci\u00f3n garantizando la extracci\u00f3n de olores en ba\u00f1os y cocinas.<\/p>\n<p>Un t\u00e9cnico en ventilaci\u00f3n realizar\u00e1 la inspecci\u00f3n, emitir\u00e1 un informe y se comprometer\u00e1 a solucionar el problema empleando t\u00e9cnicas de ventilaci\u00f3n.<\/p>\n<p><img decoding=\"async\" src=\"http:\/\/aghventilacionecologica.es\/wp-content\/uploads\/2021\/04\/b6313449-6c60-40e5-83b9-6caf9ae06319-768x1024.jpg\" sizes=\"(max-width: 768px) 100vw, 768px\" srcset=\"http:\/\/aghventilacionecologica.es\/wp-content\/uploads\/2021\/04\/b6313449-6c60-40e5-83b9-6caf9ae06319-768x1024.jpg 768w, http:\/\/aghventilacionecologica.es\/wp-content\/uploads\/2021\/04\/b6313449-6c60-40e5-83b9-6caf9ae06319-225x300.jpg 225w, http:\/\/aghventilacionecologica.es\/wp-content\/uploads\/2021\/04\/b6313449-6c60-40e5-83b9-6caf9ae06319-1152x1536.jpg 1152w, http:\/\/aghventilacionecologica.es\/wp-content\/uploads\/2021\/04\/b6313449-6c60-40e5-83b9-6caf9ae06319.jpg 1200w\" alt=\"\" width=\"768\" height=\"1024\" \/><\/p>\n<p>Reparamos goteras, filtraciones, humedades, condensaciones, reparaci\u00f3n de tela asf\u00e1ltica, reparaci\u00f3n de tejas y cualquier tipo de humedades que sea necesario su reparaci\u00f3n.<\/p>\n<p><b>REHABILITACI\u00d3N DE CHIMENEAS Y SHUNT DE VENTILACI\u00d3N <\/b><\/p>\n<p>El efecto del viento provoca revoco de olores hacia las viviendas de los propietarios, instalando los extractores e\u00f3licos garantizan la extracci\u00f3n de olores hacia el exterior de las viviendas.<\/p>\n<h3 style=\"text-align: center;\"><strong>CHIMENEA COLECTIVA DE COCINAS Y BA\u00d1OS<\/strong><\/h3>\n<p><a id=\"presupuesto\" role=\"button\" href=\"https:\/\/aghventilacionecologica.es\/index.php\/contacto\/\"><br \/>\nPedir Presupuesto<br \/>\n<\/a><br \/>\n<img decoding=\"async\" src=\"http:\/\/aghventilacionecologica.es\/wp-content\/uploads\/2020\/04\/6cb030b6-e485-41e7-b7f0-7bb1bd10ce02-768x1024.jpg\" sizes=\"(max-width: 768px) 100vw, 768px\" srcset=\"http:\/\/aghventilacionecologica.es\/wp-content\/uploads\/2020\/04\/6cb030b6-e485-41e7-b7f0-7bb1bd10ce02-768x1024.jpg 768w, http:\/\/aghventilacionecologica.es\/wp-content\/uploads\/2020\/04\/6cb030b6-e485-41e7-b7f0-7bb1bd10ce02-225x300.jpg 225w, http:\/\/aghventilacionecologica.es\/wp-content\/uploads\/2020\/04\/6cb030b6-e485-41e7-b7f0-7bb1bd10ce02-1152x1536.jpg 1152w, http:\/\/aghventilacionecologica.es\/wp-content\/uploads\/2020\/04\/6cb030b6-e485-41e7-b7f0-7bb1bd10ce02.jpg 1536w\" alt=\"\" width=\"768\" height=\"1024\" \/><br \/>\n<img loading=\"lazy\" decoding=\"async\" src=\"http:\/\/aghventilacionecologica.es\/wp-content\/uploads\/2021\/04\/2a477faa-42d1-4754-9c5f-aa60eab6dac6-768x1024.jpg\" sizes=\"(max-width: 768px) 100vw, 768px\" srcset=\"http:\/\/aghventilacionecologica.es\/wp-content\/uploads\/2021\/04\/2a477faa-42d1-4754-9c5f-aa60eab6dac6-768x1024.jpg 768w, http:\/\/aghventilacionecologica.es\/wp-content\/uploads\/2021\/04\/2a477faa-42d1-4754-9c5f-aa60eab6dac6-225x300.jpg 225w, http:\/\/aghventilacionecologica.es\/wp-content\/uploads\/2021\/04\/2a477faa-42d1-4754-9c5f-aa60eab6dac6-1152x1536.jpg 1152w, http:\/\/aghventilacionecologica.es\/wp-content\/uploads\/2021\/04\/2a477faa-42d1-4754-9c5f-aa60eab6dac6.jpg 1200w\" alt=\"\" width=\"768\" height=\"1024\" \/><\/p>\n<h2>PROBLEMAS ENCONTRADOS EN REJILLAS DE VENTILACION.<\/h2>\n","protected":false},"excerpt":{"rendered":"<p>ELIMINACI\u00d3N DE OLORES EN BA\u00d1OS Y COCINAS VENTILACI\u00d3N H\u00cdBRIDA (EcoPower), VENTILACI\u00d3N NATURAL , VENTILACI\u00d3N MEC\u00c1NICA (Extractor El\u00e9ctrico) ELIMINACI\u00d3N DE OLORES EN BA\u00d1OS Y EN COCINAS LIMPIEZA E INSPECCI\u00d3N DE CHIMENEA Y SHUNT DE VENTILACI\u00d3N Los SHUNT de ventilaci\u00f3n se deben limpiar y revisar cada 10 a\u00f1os debido a las continuas reformas que realizan los propietarios [&hellip;]<\/p>\n","protected":false},"author":1,"featured_media":0,"parent":0,"menu_order":0,"comment_status":"closed","ping_status":"closed","template":"","meta":{"_eb_attr":"","site-sidebar-layout":"no-sidebar","site-content-layout":"page-builder","ast-site-content-layout":"full-width-container","site-content-style":"unboxed","site-sidebar-style":"unboxed","ast-global-header-display":"","ast-banner-title-visibility":"","ast-main-header-display":"","ast-hfb-above-header-display":"","ast-hfb-below-header-display":"","ast-hfb-mobile-header-display":"","site-post-title":"disabled","ast-breadcrumbs-content":"","ast-featured-img":"disabled","footer-sml-layout":"","ast-disable-related-posts":"","theme-transparent-header-meta":"default","adv-header-id-meta":"","stick-header-meta":"","header-above-stick-meta":"","header-main-stick-meta":"","header-below-stick-meta":"","astra-migrate-meta-layouts":"set","ast-page-background-enabled":"default","ast-page-background-meta":{"desktop":{"background-color":"","background-image":"","background-repeat":"repeat","background-position":"center center","background-size":"auto","background-attachment":"scroll","background-type":"","background-media":"","overlay-type":"","overlay-color":"","overlay-opacity":"","overlay-gradient":""},"tablet":{"background-color":"","background-image":"","background-repeat":"repeat","background-position":"center center","background-size":"auto","background-attachment":"scroll","background-type":"","background-media":"","overlay-type":"","overlay-color":"","overlay-opacity":"","overlay-gradient":""},"mobile":{"background-color":"","background-image":"","background-repeat":"repeat","background-position":"center center","background-size":"auto","background-attachment":"scroll","background-type":"","background-media":"","overlay-type":"","overlay-color":"","overlay-opacity":"","overlay-gradient":""}},"ast-content-background-meta":{"desktop":{"background-color":"var(--ast-global-color-5)","background-image":"","background-repeat":"repeat","background-position":"center center","background-size":"auto","background-attachment":"scroll","background-type":"","background-media":"","overlay-type":"","overlay-color":"","overlay-opacity":"","overlay-gradient":""},"tablet":{"background-color":"var(--ast-global-color-5)","background-image":"","background-repeat":"repeat","background-position":"center center","background-size":"auto","background-attachment":"scroll","background-type":"","background-media":"","overlay-type":"","overlay-color":"","overlay-opacity":"","overlay-gradient":""},"mobile":{"background-color":"var(--ast-global-color-5)","background-image":"","background-repeat":"repeat","background-position":"center center","background-size":"auto","background-attachment":"scroll","background-type":"","background-media":"","overlay-type":"","overlay-color":"","overlay-opacity":"","overlay-gradient":""}},"footnotes":""},"class_list":["post-1381","page","type-page","status-publish","hentry"],"yoast_head":"<!-- This site is optimized with the Yoast SEO plugin v27.5 - https:\/\/yoast.com\/product\/yoast-seo-wordpress\/ -->\n<title>Eliminaci\u00f3n de Olores en Ba\u00f1os y Cocinas. - AGH Ventilaci&oacute;n Ecol&oacute;gica<\/title>\n<meta name=\"robots\" content=\"index, follow, max-snippet:-1, max-image-preview:large, max-video-preview:-1\" \/>\n<link rel=\"canonical\" href=\"http:\/\/aghventilacionecologica.es\/index.php\/eliminacion-de-olores-en-banos-y-cocinas\/\" \/>\n<meta property=\"og:locale\" content=\"es_ES\" \/>\n<meta property=\"og:type\" content=\"article\" \/>\n<meta property=\"og:title\" content=\"Eliminaci\u00f3n de Olores en Ba\u00f1os y Cocinas. - AGH Ventilaci&oacute;n Ecol&oacute;gica\" \/>\n<meta property=\"og:description\" content=\"ELIMINACI\u00d3N DE OLORES EN BA\u00d1OS Y COCINAS VENTILACI\u00d3N H\u00cdBRIDA (EcoPower), VENTILACI\u00d3N NATURAL , VENTILACI\u00d3N MEC\u00c1NICA (Extractor El\u00e9ctrico) ELIMINACI\u00d3N DE OLORES EN BA\u00d1OS Y EN COCINAS LIMPIEZA E INSPECCI\u00d3N DE CHIMENEA Y SHUNT DE VENTILACI\u00d3N Los SHUNT de ventilaci\u00f3n se deben limpiar y revisar cada 10 a\u00f1os debido a las continuas reformas que realizan los propietarios [&hellip;]\" \/>\n<meta property=\"og:url\" content=\"http:\/\/aghventilacionecologica.es\/index.php\/eliminacion-de-olores-en-banos-y-cocinas\/\" \/>\n<meta property=\"og:site_name\" content=\"AGH Ventilaci&oacute;n Ecol&oacute;gica\" \/>\n<meta property=\"article:modified_time\" content=\"2025-05-13T19:31:35+00:00\" \/>\n<meta property=\"og:image\" content=\"http:\/\/aghventilacionecologica.es\/wp-content\/uploads\/2020\/04\/PORTADA-COMUNIDADES-2.png\" \/>\n<meta name=\"twitter:card\" content=\"summary_large_image\" \/>\n<meta name=\"twitter:label1\" content=\"Tiempo de lectura\" \/>\n\t<meta name=\"twitter:data1\" content=\"2 minutos\" \/>\n<script type=\"application\/ld+json\" class=\"yoast-schema-graph\">{\"@context\":\"https:\\\/\\\/schema.org\",\"@graph\":[{\"@type\":\"WebPage\",\"@id\":\"http:\\\/\\\/aghventilacionecologica.es\\\/index.php\\\/eliminacion-de-olores-en-banos-y-cocinas\\\/\",\"url\":\"http:\\\/\\\/aghventilacionecologica.es\\\/index.php\\\/eliminacion-de-olores-en-banos-y-cocinas\\\/\",\"name\":\"Eliminaci\u00f3n de Olores en Ba\u00f1os y Cocinas. - AGH Ventilaci&oacute;n Ecol&oacute;gica\",\"isPartOf\":{\"@id\":\"https:\\\/\\\/aghventilacionecologica.es\\\/#website\"},\"primaryImageOfPage\":{\"@id\":\"http:\\\/\\\/aghventilacionecologica.es\\\/index.php\\\/eliminacion-de-olores-en-banos-y-cocinas\\\/#primaryimage\"},\"image\":{\"@id\":\"http:\\\/\\\/aghventilacionecologica.es\\\/index.php\\\/eliminacion-de-olores-en-banos-y-cocinas\\\/#primaryimage\"},\"thumbnailUrl\":\"http:\\\/\\\/aghventilacionecologica.es\\\/wp-content\\\/uploads\\\/2020\\\/04\\\/PORTADA-COMUNIDADES-2.png\",\"datePublished\":\"2020-03-02T10:32:09+00:00\",\"dateModified\":\"2025-05-13T19:31:35+00:00\",\"breadcrumb\":{\"@id\":\"http:\\\/\\\/aghventilacionecologica.es\\\/index.php\\\/eliminacion-de-olores-en-banos-y-cocinas\\\/#breadcrumb\"},\"inLanguage\":\"es\",\"potentialAction\":[{\"@type\":\"ReadAction\",\"target\":[\"http:\\\/\\\/aghventilacionecologica.es\\\/index.php\\\/eliminacion-de-olores-en-banos-y-cocinas\\\/\"]}]},{\"@type\":\"ImageObject\",\"inLanguage\":\"es\",\"@id\":\"http:\\\/\\\/aghventilacionecologica.es\\\/index.php\\\/eliminacion-de-olores-en-banos-y-cocinas\\\/#primaryimage\",\"url\":\"http:\\\/\\\/aghventilacionecologica.es\\\/wp-content\\\/uploads\\\/2020\\\/04\\\/PORTADA-COMUNIDADES-2.png\",\"contentUrl\":\"http:\\\/\\\/aghventilacionecologica.es\\\/wp-content\\\/uploads\\\/2020\\\/04\\\/PORTADA-COMUNIDADES-2.png\"},{\"@type\":\"BreadcrumbList\",\"@id\":\"http:\\\/\\\/aghventilacionecologica.es\\\/index.php\\\/eliminacion-de-olores-en-banos-y-cocinas\\\/#breadcrumb\",\"itemListElement\":[{\"@type\":\"ListItem\",\"position\":1,\"name\":\"Portada\",\"item\":\"http:\\\/\\\/aghventilacionecologica.es\\\/\"},{\"@type\":\"ListItem\",\"position\":2,\"name\":\"Eliminaci\u00f3n de Olores en Ba\u00f1os y Cocinas.\"}]},{\"@type\":\"WebSite\",\"@id\":\"https:\\\/\\\/aghventilacionecologica.es\\\/#website\",\"url\":\"https:\\\/\\\/aghventilacionecologica.es\\\/\",\"name\":\"AGH Ventilaci&oacute;n Ecol&oacute;gica\",\"description\":\"Eliminacion de olores en ba&ntilde;os y cocinas\",\"publisher\":{\"@id\":\"https:\\\/\\\/aghventilacionecologica.es\\\/#organization\"},\"potentialAction\":[{\"@type\":\"SearchAction\",\"target\":{\"@type\":\"EntryPoint\",\"urlTemplate\":\"https:\\\/\\\/aghventilacionecologica.es\\\/?s={search_term_string}\"},\"query-input\":{\"@type\":\"PropertyValueSpecification\",\"valueRequired\":true,\"valueName\":\"search_term_string\"}}],\"inLanguage\":\"es\"},{\"@type\":\"Organization\",\"@id\":\"https:\\\/\\\/aghventilacionecologica.es\\\/#organization\",\"name\":\"AGH Ventilaci&oacute;n Ecol&oacute;gica\",\"url\":\"https:\\\/\\\/aghventilacionecologica.es\\\/\",\"logo\":{\"@type\":\"ImageObject\",\"inLanguage\":\"es\",\"@id\":\"https:\\\/\\\/aghventilacionecologica.es\\\/#\\\/schema\\\/logo\\\/image\\\/\",\"url\":\"https:\\\/\\\/aghventilacionecologica.es\\\/wp-content\\\/uploads\\\/2020\\\/04\\\/cropped-AGHlogo-01-2-fondo-transparente-scaled.png\",\"contentUrl\":\"https:\\\/\\\/aghventilacionecologica.es\\\/wp-content\\\/uploads\\\/2020\\\/04\\\/cropped-AGHlogo-01-2-fondo-transparente-scaled.png\",\"width\":2560,\"height\":1173,\"caption\":\"AGH Ventilaci&oacute;n Ecol&oacute;gica\"},\"image\":{\"@id\":\"https:\\\/\\\/aghventilacionecologica.es\\\/#\\\/schema\\\/logo\\\/image\\\/\"}}]}<\/script>\n<!-- \/ Yoast SEO plugin. -->","yoast_head_json":{"title":"Eliminaci\u00f3n de Olores en Ba\u00f1os y Cocinas. - AGH Ventilaci&oacute;n Ecol&oacute;gica","robots":{"index":"index","follow":"follow","max-snippet":"max-snippet:-1","max-image-preview":"max-image-preview:large","max-video-preview":"max-video-preview:-1"},"canonical":"http:\/\/aghventilacionecologica.es\/index.php\/eliminacion-de-olores-en-banos-y-cocinas\/","og_locale":"es_ES","og_type":"article","og_title":"Eliminaci\u00f3n de Olores en Ba\u00f1os y Cocinas. - AGH Ventilaci&oacute;n Ecol&oacute;gica","og_description":"ELIMINACI\u00d3N DE OLORES EN BA\u00d1OS Y COCINAS VENTILACI\u00d3N H\u00cdBRIDA (EcoPower), VENTILACI\u00d3N NATURAL , VENTILACI\u00d3N MEC\u00c1NICA (Extractor El\u00e9ctrico) ELIMINACI\u00d3N DE OLORES EN BA\u00d1OS Y EN COCINAS LIMPIEZA E INSPECCI\u00d3N DE CHIMENEA Y SHUNT DE VENTILACI\u00d3N Los SHUNT de ventilaci\u00f3n se deben limpiar y revisar cada 10 a\u00f1os debido a las continuas reformas que realizan los propietarios [&hellip;]","og_url":"http:\/\/aghventilacionecologica.es\/index.php\/eliminacion-de-olores-en-banos-y-cocinas\/","og_site_name":"AGH Ventilaci&oacute;n Ecol&oacute;gica","article_modified_time":"2025-05-13T19:31:35+00:00","og_image":[{"url":"http:\/\/aghventilacionecologica.es\/wp-content\/uploads\/2020\/04\/PORTADA-COMUNIDADES-2.png","type":"","width":"","height":""}],"twitter_card":"summary_large_image","twitter_misc":{"Tiempo de lectura":"2 minutos"},"schema":{"@context":"https:\/\/schema.org","@graph":[{"@type":"WebPage","@id":"http:\/\/aghventilacionecologica.es\/index.php\/eliminacion-de-olores-en-banos-y-cocinas\/","url":"http:\/\/aghventilacionecologica.es\/index.php\/eliminacion-de-olores-en-banos-y-cocinas\/","name":"Eliminaci\u00f3n de Olores en Ba\u00f1os y Cocinas. - AGH Ventilaci&oacute;n Ecol&oacute;gica","isPartOf":{"@id":"https:\/\/aghventilacionecologica.es\/#website"},"primaryImageOfPage":{"@id":"http:\/\/aghventilacionecologica.es\/index.php\/eliminacion-de-olores-en-banos-y-cocinas\/#primaryimage"},"image":{"@id":"http:\/\/aghventilacionecologica.es\/index.php\/eliminacion-de-olores-en-banos-y-cocinas\/#primaryimage"},"thumbnailUrl":"http:\/\/aghventilacionecologica.es\/wp-content\/uploads\/2020\/04\/PORTADA-COMUNIDADES-2.png","datePublished":"2020-03-02T10:32:09+00:00","dateModified":"2025-05-13T19:31:35+00:00","breadcrumb":{"@id":"http:\/\/aghventilacionecologica.es\/index.php\/eliminacion-de-olores-en-banos-y-cocinas\/#breadcrumb"},"inLanguage":"es","potentialAction":[{"@type":"ReadAction","target":["http:\/\/aghventilacionecologica.es\/index.php\/eliminacion-de-olores-en-banos-y-cocinas\/"]}]},{"@type":"ImageObject","inLanguage":"es","@id":"http:\/\/aghventilacionecologica.es\/index.php\/eliminacion-de-olores-en-banos-y-cocinas\/#primaryimage","url":"http:\/\/aghventilacionecologica.es\/wp-content\/uploads\/2020\/04\/PORTADA-COMUNIDADES-2.png","contentUrl":"http:\/\/aghventilacionecologica.es\/wp-content\/uploads\/2020\/04\/PORTADA-COMUNIDADES-2.png"},{"@type":"BreadcrumbList","@id":"http:\/\/aghventilacionecologica.es\/index.php\/eliminacion-de-olores-en-banos-y-cocinas\/#breadcrumb","itemListElement":[{"@type":"ListItem","position":1,"name":"Portada","item":"http:\/\/aghventilacionecologica.es\/"},{"@type":"ListItem","position":2,"name":"Eliminaci\u00f3n de Olores en Ba\u00f1os y Cocinas."}]},{"@type":"WebSite","@id":"https:\/\/aghventilacionecologica.es\/#website","url":"https:\/\/aghventilacionecologica.es\/","name":"AGH Ventilaci&oacute;n Ecol&oacute;gica","description":"Eliminacion de olores en ba&ntilde;os y cocinas","publisher":{"@id":"https:\/\/aghventilacionecologica.es\/#organization"},"potentialAction":[{"@type":"SearchAction","target":{"@type":"EntryPoint","urlTemplate":"https:\/\/aghventilacionecologica.es\/?s={search_term_string}"},"query-input":{"@type":"PropertyValueSpecification","valueRequired":true,"valueName":"search_term_string"}}],"inLanguage":"es"},{"@type":"Organization","@id":"https:\/\/aghventilacionecologica.es\/#organization","name":"AGH Ventilaci&oacute;n Ecol&oacute;gica","url":"https:\/\/aghventilacionecologica.es\/","logo":{"@type":"ImageObject","inLanguage":"es","@id":"https:\/\/aghventilacionecologica.es\/#\/schema\/logo\/image\/","url":"https:\/\/aghventilacionecologica.es\/wp-content\/uploads\/2020\/04\/cropped-AGHlogo-01-2-fondo-transparente-scaled.png","contentUrl":"https:\/\/aghventilacionecologica.es\/wp-content\/uploads\/2020\/04\/cropped-AGHlogo-01-2-fondo-transparente-scaled.png","width":2560,"height":1173,"caption":"AGH Ventilaci&oacute;n Ecol&oacute;gica"},"image":{"@id":"https:\/\/aghventilacionecologica.es\/#\/schema\/logo\/image\/"}}]}},"_links":{"self":[{"href":"https:\/\/aghventilacionecologica.es\/index.php\/wp-json\/wp\/v2\/pages\/1381","targetHints":{"allow":["GET"]}}],"collection":[{"href":"https:\/\/aghventilacionecologica.es\/index.php\/wp-json\/wp\/v2\/pages"}],"about":[{"href":"https:\/\/aghventilacionecologica.es\/index.php\/wp-json\/wp\/v2\/types\/page"}],"author":[{"embeddable":true,"href":"https:\/\/aghventilacionecologica.es\/index.php\/wp-json\/wp\/v2\/users\/1"}],"replies":[{"embeddable":true,"href":"https:\/\/aghventilacionecologica.es\/index.php\/wp-json\/wp\/v2\/comments?post=1381"}],"version-history":[{"count":14,"href":"https:\/\/aghventilacionecologica.es\/index.php\/wp-json\/wp\/v2\/pages\/1381\/revisions"}],"predecessor-version":[{"id":2930,"href":"https:\/\/aghventilacionecologica.es\/index.php\/wp-json\/wp\/v2\/pages\/1381\/revisions\/2930"}],"wp:attachment":[{"href":"https:\/\/aghventilacionecologica.es\/index.php\/wp-json\/wp\/v2\/media?parent=1381"}],"curies":[{"name":"wp","href":"https:\/\/api.w.org\/{rel}","templated":true}]}}