{"id":1384,"date":"2020-03-02T10:32:09","date_gmt":"2020-03-02T10:32:09","guid":{"rendered":"http:\/\/citygrasayventilacion.com\/?page_id=1384"},"modified":"2020-04-24T12:00:30","modified_gmt":"2020-04-24T12:00:30","slug":"reparacion-de-extractores-eolicos","status":"publish","type":"page","link":"https:\/\/aghventilacionecologica.es\/index.php\/reparacion-de-extractores-eolicos\/","title":{"rendered":"Reparaci\u00f3n de Extractores E\u00f3licos"},"content":{"rendered":"\t\t<div data-elementor-type=\"wp-page\" data-elementor-id=\"1384\" class=\"elementor elementor-1384\">\n\t\t\t\t\t\t<section class=\"elementor-section elementor-top-section elementor-element elementor-element-51e816fc elementor-section-boxed elementor-section-height-default elementor-section-height-default\" data-id=\"51e816fc\" data-element_type=\"section\" data-e-type=\"section\" data-settings=\"{&quot;background_background&quot;:&quot;classic&quot;}\">\n\t\t\t\t\t\t\t<div class=\"elementor-background-overlay\"><\/div>\n\t\t\t\t\t\t\t<div class=\"elementor-container elementor-column-gap-default\">\n\t\t\t\t\t<div class=\"elementor-column elementor-col-100 elementor-top-column elementor-element elementor-element-3248b55a\" data-id=\"3248b55a\" data-element_type=\"column\" data-e-type=\"column\">\n\t\t\t<div class=\"elementor-widget-wrap elementor-element-populated\">\n\t\t\t\t\t\t<section class=\"elementor-section elementor-inner-section elementor-element elementor-element-2940d83a elementor-section-boxed elementor-section-height-default elementor-section-height-default\" data-id=\"2940d83a\" data-element_type=\"section\" data-e-type=\"section\">\n\t\t\t\t\t\t<div class=\"elementor-container elementor-column-gap-default\">\n\t\t\t\t\t<div class=\"elementor-column elementor-col-33 elementor-inner-column elementor-element elementor-element-78a96aa8\" data-id=\"78a96aa8\" data-element_type=\"column\" data-e-type=\"column\">\n\t\t\t<div class=\"elementor-widget-wrap\">\n\t\t\t\t\t\t\t<\/div>\n\t\t<\/div>\n\t\t\t\t<div class=\"elementor-column elementor-col-33 elementor-inner-column elementor-element elementor-element-6e1a07dd\" data-id=\"6e1a07dd\" data-element_type=\"column\" data-e-type=\"column\">\n\t\t\t<div class=\"elementor-widget-wrap elementor-element-populated\">\n\t\t\t\t\t\t<div class=\"elementor-element elementor-element-35a15b8d elementor-widget elementor-widget-image-box\" data-id=\"35a15b8d\" data-element_type=\"widget\" data-e-type=\"widget\" data-widget_type=\"image-box.default\">\n\t\t\t\t<div class=\"elementor-widget-container\">\n\t\t\t\t\t<div class=\"elementor-image-box-wrapper\"><div class=\"elementor-image-box-content\"><h1 class=\"elementor-image-box-title\">rEPARACI\u00d3N DE eXTRACTORES e\u00d3LICOS mET\u00c1LICOS<\/h1><\/div><\/div>\t\t\t\t<\/div>\n\t\t\t\t<\/div>\n\t\t\t\t<div class=\"elementor-element elementor-element-4341e437 elementor-widget elementor-widget-eael-fancy-text\" data-id=\"4341e437\" data-element_type=\"widget\" data-e-type=\"widget\" data-widget_type=\"eael-fancy-text.default\">\n\t\t\t\t<div class=\"elementor-widget-container\">\n\t\t\t\t\t\n\t<div  class=\"eael-fancy-text-container style-1\" data-fancy-text-id=\"4341e437\" data-fancy-text=\"|REMPLAZAMOS EXTRACTORES MET\u00c1LICOS |REPARAMOS SUS EXTRACTORES MET\u00c1LICOS|INFORME DEL ESTADOS DE SUS EXTRACTORES (GRATIS)\" data-fancy-text-transition-type=\"typing\" data-fancy-text-speed=\"50\" data-fancy-text-delay=\"3615\" data-fancy-text-cursor=\"yes\" data-fancy-text-loop=\"yes\" data-fancy-text-action=\"page_load\" >\n\t\t\n\t\t\n\t\t\t\t\t<span id=\"eael-fancy-text-4341e437\" class=\"eael-fancy-text-strings solid-color\">\n\t\t\t\t<noscript>\n\t\t\t\t\tREMPLAZAMOS EXTRACTORES MET\u00c1LICOS , REPARAMOS SUS EXTRACTORES MET\u00c1LICOS, INFORME DEL ESTADOS DE SUS EXTRACTORES (GRATIS)\t\t\t\t<\/noscript>\n\t\t\t<\/span>\n\t\t\n\t\t\t<\/div><!-- close .eael-fancy-text-container -->\n\n\t<div class=\"clearfix\"><\/div>\n\n\t\t\t\t\t<\/div>\n\t\t\t\t<\/div>\n\t\t\t\t\t<\/div>\n\t\t<\/div>\n\t\t\t\t<div class=\"elementor-column elementor-col-33 elementor-inner-column elementor-element elementor-element-9ee054e\" data-id=\"9ee054e\" data-element_type=\"column\" data-e-type=\"column\">\n\t\t\t<div class=\"elementor-widget-wrap\">\n\t\t\t\t\t\t\t<\/div>\n\t\t<\/div>\n\t\t\t\t\t<\/div>\n\t\t<\/section>\n\t\t\t\t\t<\/div>\n\t\t<\/div>\n\t\t\t\t\t<\/div>\n\t\t<\/section>\n\t\t\t\t<section class=\"elementor-section elementor-top-section elementor-element elementor-element-7582f009 elementor-section-boxed elementor-section-height-default elementor-section-height-default\" data-id=\"7582f009\" data-element_type=\"section\" data-e-type=\"section\">\n\t\t\t\t\t\t<div class=\"elementor-container elementor-column-gap-default\">\n\t\t\t\t\t<div class=\"elementor-column elementor-col-100 elementor-top-column elementor-element elementor-element-3810daf5\" data-id=\"3810daf5\" data-element_type=\"column\" data-e-type=\"column\">\n\t\t\t<div class=\"elementor-widget-wrap elementor-element-populated\">\n\t\t\t\t\t\t<div class=\"elementor-element elementor-element-11ad88d8 elementor-widget elementor-widget-spacer\" data-id=\"11ad88d8\" data-element_type=\"widget\" data-e-type=\"widget\" data-widget_type=\"spacer.default\">\n\t\t\t\t<div class=\"elementor-widget-container\">\n\t\t\t\t\t\t\t<div class=\"elementor-spacer\">\n\t\t\t<div class=\"elementor-spacer-inner\"><\/div>\n\t\t<\/div>\n\t\t\t\t\t\t<\/div>\n\t\t\t\t<\/div>\n\t\t\t\t<div class=\"elementor-element elementor-element-475be3c6 elementor-widget elementor-widget-image-box\" data-id=\"475be3c6\" data-element_type=\"widget\" data-e-type=\"widget\" data-widget_type=\"image-box.default\">\n\t\t\t\t<div class=\"elementor-widget-container\">\n\t\t\t\t\t<div class=\"elementor-image-box-wrapper\"><div class=\"elementor-image-box-content\"><p class=\"elementor-image-box-description\"><b>Sr. Administrador...     Revise los extractores instalados <\/b><\/p><\/div><\/div>\t\t\t\t<\/div>\n\t\t\t\t<\/div>\n\t\t\t\t\t<\/div>\n\t\t<\/div>\n\t\t\t\t\t<\/div>\n\t\t<\/section>\n\t\t\t\t<section class=\"elementor-section elementor-top-section elementor-element elementor-element-736b0244 elementor-section-stretched elementor-section-height-min-height elementor-section-items-stretch elementor-section-content-middle elementor-section-boxed elementor-section-height-default\" data-id=\"736b0244\" data-element_type=\"section\" data-e-type=\"section\" data-settings=\"{&quot;stretch_section&quot;:&quot;section-stretched&quot;,&quot;shape_divider_top&quot;:&quot;mountains&quot;}\">\n\t\t\t\t\t<div class=\"elementor-shape elementor-shape-top\" aria-hidden=\"true\" data-negative=\"false\">\n\t\t\t<svg xmlns=\"http:\/\/www.w3.org\/2000\/svg\" viewBox=\"0 0 1000 100\" preserveAspectRatio=\"none\">\n\t<path class=\"elementor-shape-fill\" opacity=\"0.33\" d=\"M473,67.3c-203.9,88.3-263.1-34-320.3,0C66,119.1,0,59.7,0,59.7V0h1000v59.7 c0,0-62.1,26.1-94.9,29.3c-32.8,3.3-62.8-12.3-75.8-22.1C806,49.6,745.3,8.7,694.9,4.7S492.4,59,473,67.3z\"\/>\n\t<path class=\"elementor-shape-fill\" opacity=\"0.66\" d=\"M734,67.3c-45.5,0-77.2-23.2-129.1-39.1c-28.6-8.7-150.3-10.1-254,39.1 s-91.7-34.4-149.2,0C115.7,118.3,0,39.8,0,39.8V0h1000v36.5c0,0-28.2-18.5-92.1-18.5C810.2,18.1,775.7,67.3,734,67.3z\"\/>\n\t<path class=\"elementor-shape-fill\" d=\"M766.1,28.9c-200-57.5-266,65.5-395.1,19.5C242,1.8,242,5.4,184.8,20.6C128,35.8,132.3,44.9,89.9,52.5C28.6,63.7,0,0,0,0 h1000c0,0-9.9,40.9-83.6,48.1S829.6,47,766.1,28.9z\"\/>\n<\/svg>\t\t<\/div>\n\t\t\t\t\t<div class=\"elementor-container elementor-column-gap-default\">\n\t\t\t\t\t<div class=\"elementor-column elementor-col-100 elementor-top-column elementor-element elementor-element-4e9cee90\" data-id=\"4e9cee90\" data-element_type=\"column\" data-e-type=\"column\" data-settings=\"{&quot;background_background&quot;:&quot;classic&quot;}\">\n\t\t\t<div class=\"elementor-widget-wrap elementor-element-populated\">\n\t\t\t\t\t<div class=\"elementor-background-overlay\"><\/div>\n\t\t\t\t\t\t<section class=\"elementor-section elementor-inner-section elementor-element elementor-element-4723ebf0 elementor-section-boxed elementor-section-height-default elementor-section-height-default\" data-id=\"4723ebf0\" data-element_type=\"section\" data-e-type=\"section\">\n\t\t\t\t\t\t<div class=\"elementor-container elementor-column-gap-default\">\n\t\t\t\t\t<div class=\"elementor-column elementor-col-50 elementor-inner-column elementor-element elementor-element-661ab0f6\" data-id=\"661ab0f6\" data-element_type=\"column\" data-e-type=\"column\">\n\t\t\t<div class=\"elementor-widget-wrap elementor-element-populated\">\n\t\t\t\t\t\t<div class=\"elementor-element elementor-element-4546a39b elementor-invisible elementor-widget elementor-widget-image-box\" data-id=\"4546a39b\" data-element_type=\"widget\" data-e-type=\"widget\" data-settings=\"{&quot;_animation&quot;:&quot;swing&quot;}\" data-widget_type=\"image-box.default\">\n\t\t\t\t<div class=\"elementor-widget-container\">\n\t\t\t\t\t<div class=\"elementor-image-box-wrapper\"><div class=\"elementor-image-box-content\"><p class=\"elementor-image-box-description\">Los extractores e\u00f3licos de acero inoxidable al cabo de tres a\u00f1os las aletas se rompen, el eje se dobla y el aceite de los rodamientos se secan, aparecen ruidos y los propietarios de la \u00faltima planta ordenan retirarlos. Nuestra empresa ofrece un contrato de reparaci\u00f3n y mantenimiento anual incluyendo la eliminaci\u00f3n de olores en cocinas y ba\u00f1os.<\/p><\/div><\/div>\t\t\t\t<\/div>\n\t\t\t\t<\/div>\n\t\t\t\t\t<\/div>\n\t\t<\/div>\n\t\t\t\t<div class=\"elementor-column elementor-col-50 elementor-inner-column elementor-element elementor-element-504ca449\" data-id=\"504ca449\" data-element_type=\"column\" data-e-type=\"column\">\n\t\t\t<div class=\"elementor-widget-wrap\">\n\t\t\t\t\t\t\t<\/div>\n\t\t<\/div>\n\t\t\t\t\t<\/div>\n\t\t<\/section>\n\t\t\t\t\t<\/div>\n\t\t<\/div>\n\t\t\t\t\t<\/div>\n\t\t<\/section>\n\t\t\t\t<section class=\"elementor-section elementor-top-section elementor-element elementor-element-58f31b74 elementor-section-boxed elementor-section-height-default elementor-section-height-default\" data-id=\"58f31b74\" data-element_type=\"section\" data-e-type=\"section\">\n\t\t\t\t\t\t<div class=\"elementor-container elementor-column-gap-default\">\n\t\t\t\t\t<div class=\"elementor-column elementor-col-100 elementor-top-column elementor-element elementor-element-1daa0a90\" data-id=\"1daa0a90\" data-element_type=\"column\" data-e-type=\"column\">\n\t\t\t<div class=\"elementor-widget-wrap elementor-element-populated\">\n\t\t\t\t\t\t<div class=\"elementor-element elementor-element-4d96d854 elementor-widget elementor-widget-image\" data-id=\"4d96d854\" data-element_type=\"widget\" data-e-type=\"widget\" data-widget_type=\"image.default\">\n\t\t\t\t<div class=\"elementor-widget-container\">\n\t\t\t\t\t\t\t\t\t\t\t\t\t\t\t<img decoding=\"async\" src=\"http:\/\/aghventilacionecologica.es\/wp-content\/uploads\/2020\/04\/reparacion-extractores-procedimiento.png\" title=\"\" alt=\"\" loading=\"lazy\" \/>\t\t\t\t\t\t\t\t\t\t\t\t\t\t\t<\/div>\n\t\t\t\t<\/div>\n\t\t\t\t\t<\/div>\n\t\t<\/div>\n\t\t\t\t\t<\/div>\n\t\t<\/section>\n\t\t\t\t<section class=\"elementor-section elementor-top-section elementor-element elementor-element-47077f83 elementor-section-boxed elementor-section-height-default elementor-section-height-default\" data-id=\"47077f83\" data-element_type=\"section\" data-e-type=\"section\">\n\t\t\t\t\t\t<div class=\"elementor-container elementor-column-gap-default\">\n\t\t\t\t\t<div class=\"elementor-column elementor-col-100 elementor-top-column elementor-element elementor-element-5291cf31\" data-id=\"5291cf31\" data-element_type=\"column\" data-e-type=\"column\">\n\t\t\t<div class=\"elementor-widget-wrap elementor-element-populated\">\n\t\t\t\t\t\t<div class=\"elementor-element elementor-element-54a82844 elementor-align-center elementor-tablet-align-left elementor-mobile-align-center elementor-widget elementor-widget-button\" data-id=\"54a82844\" data-element_type=\"widget\" data-e-type=\"widget\" data-widget_type=\"button.default\">\n\t\t\t\t<div class=\"elementor-widget-container\">\n\t\t\t\t\t\t\t\t\t<div class=\"elementor-button-wrapper\">\n\t\t\t\t\t<a class=\"elementor-button elementor-button-link elementor-size-md\" href=\"https:\/\/aghventilacionecologica.es\/index.php\/contacto\/\" id=\"presupuesto\">\n\t\t\t\t\t\t<span class=\"elementor-button-content-wrapper\">\n\t\t\t\t\t\t<span class=\"elementor-button-icon\">\n\t\t\t\t\t\t\t<\/span>\n\t\t\t\t\t\t\t\t\t<span class=\"elementor-button-text\">Pedir Presupuesto<\/span>\n\t\t\t\t\t<\/span>\n\t\t\t\t\t<\/a>\n\t\t\t\t<\/div>\n\t\t\t\t\t\t\t\t<\/div>\n\t\t\t\t<\/div>\n\t\t\t\t\t<\/div>\n\t\t<\/div>\n\t\t\t\t\t<\/div>\n\t\t<\/section>\n\t\t\t\t<\/div>\n\t\t","protected":false},"excerpt":{"rendered":"<p>rEPARACI\u00d3N DE eXTRACTORES e\u00d3LICOS mET\u00c1LICOS REMPLAZAMOS EXTRACTORES MET\u00c1LICOS , REPARAMOS SUS EXTRACTORES MET\u00c1LICOS, INFORME DEL ESTADOS DE SUS EXTRACTORES (GRATIS) Sr. Administrador&#8230; Revise los extractores instalados Los extractores e\u00f3licos de acero inoxidable al cabo de tres a\u00f1os las aletas se rompen, el eje se dobla y el aceite de los rodamientos se secan, aparecen ruidos [&hellip;]<\/p>\n","protected":false},"author":1,"featured_media":0,"parent":0,"menu_order":0,"comment_status":"closed","ping_status":"closed","template":"","meta":{"_eb_attr":"","site-sidebar-layout":"no-sidebar","site-content-layout":"page-builder","ast-site-content-layout":"default","site-content-style":"default","site-sidebar-style":"default","ast-global-header-display":"","ast-banner-title-visibility":"","ast-main-header-display":"","ast-hfb-above-header-display":"","ast-hfb-below-header-display":"","ast-hfb-mobile-header-display":"","site-post-title":"disabled","ast-breadcrumbs-content":"","ast-featured-img":"disabled","footer-sml-layout":"","ast-disable-related-posts":"","theme-transparent-header-meta":"default","adv-header-id-meta":"","stick-header-meta":"","header-above-stick-meta":"","header-main-stick-meta":"","header-below-stick-meta":"","astra-migrate-meta-layouts":"default","ast-page-background-enabled":"default","ast-page-background-meta":{"desktop":{"background-color":"","background-image":"","background-repeat":"repeat","background-position":"center center","background-size":"auto","background-attachment":"scroll","background-type":"","background-media":"","overlay-type":"","overlay-color":"","overlay-opacity":"","overlay-gradient":""},"tablet":{"background-color":"","background-image":"","background-repeat":"repeat","background-position":"center center","background-size":"auto","background-attachment":"scroll","background-type":"","background-media":"","overlay-type":"","overlay-color":"","overlay-opacity":"","overlay-gradient":""},"mobile":{"background-color":"","background-image":"","background-repeat":"repeat","background-position":"center center","background-size":"auto","background-attachment":"scroll","background-type":"","background-media":"","overlay-type":"","overlay-color":"","overlay-opacity":"","overlay-gradient":""}},"ast-content-background-meta":{"desktop":{"background-color":"var(--ast-global-color-5)","background-image":"","background-repeat":"repeat","background-position":"center center","background-size":"auto","background-attachment":"scroll","background-type":"","background-media":"","overlay-type":"","overlay-color":"","overlay-opacity":"","overlay-gradient":""},"tablet":{"background-color":"var(--ast-global-color-5)","background-image":"","background-repeat":"repeat","background-position":"center center","background-size":"auto","background-attachment":"scroll","background-type":"","background-media":"","overlay-type":"","overlay-color":"","overlay-opacity":"","overlay-gradient":""},"mobile":{"background-color":"var(--ast-global-color-5)","background-image":"","background-repeat":"repeat","background-position":"center center","background-size":"auto","background-attachment":"scroll","background-type":"","background-media":"","overlay-type":"","overlay-color":"","overlay-opacity":"","overlay-gradient":""}},"footnotes":""},"class_list":["post-1384","page","type-page","status-publish","hentry"],"yoast_head":"<!-- This site is optimized with the Yoast SEO plugin v27.5 - https:\/\/yoast.com\/product\/yoast-seo-wordpress\/ -->\n<title>Reparaci\u00f3n de Extractores E\u00f3licos - AGH Ventilaci&oacute;n Ecol&oacute;gica<\/title>\n<meta name=\"description\" content=\"Reparaci\u00f3n de extractores e\u00f3licos met\u00e1licos. el t\u00e9cnico visitar\u00e1 la comunidad que ud nos indique para enviarle un informe del estado actual de los extractores, sin coste alguno.\" \/>\n<meta name=\"robots\" content=\"index, follow, max-snippet:-1, max-image-preview:large, max-video-preview:-1\" \/>\n<link rel=\"canonical\" href=\"https:\/\/aghventilacionecologica.es\/index.php\/reparacion-de-extractores-eolicos\/\" \/>\n<meta property=\"og:locale\" content=\"es_ES\" \/>\n<meta property=\"og:type\" content=\"article\" \/>\n<meta property=\"og:title\" content=\"Reparaci\u00f3n de Extractores E\u00f3licos - AGH Ventilaci&oacute;n Ecol&oacute;gica\" \/>\n<meta property=\"og:description\" content=\"Reparaci\u00f3n de extractores e\u00f3licos met\u00e1licos. el t\u00e9cnico visitar\u00e1 la comunidad que ud nos indique para enviarle un informe del estado actual de los extractores, sin coste alguno.\" \/>\n<meta property=\"og:url\" content=\"https:\/\/aghventilacionecologica.es\/index.php\/reparacion-de-extractores-eolicos\/\" \/>\n<meta property=\"og:site_name\" content=\"AGH Ventilaci&oacute;n Ecol&oacute;gica\" \/>\n<meta property=\"article:modified_time\" content=\"2020-04-24T12:00:30+00:00\" \/>\n<meta property=\"og:image\" content=\"http:\/\/aghventilacionecologica.es\/wp-content\/uploads\/2020\/04\/reparacion-extractores-procedimiento.png\" \/>\n<meta name=\"twitter:card\" content=\"summary_large_image\" \/>\n<script type=\"application\/ld+json\" class=\"yoast-schema-graph\">{\"@context\":\"https:\\\/\\\/schema.org\",\"@graph\":[{\"@type\":\"WebPage\",\"@id\":\"https:\\\/\\\/aghventilacionecologica.es\\\/index.php\\\/reparacion-de-extractores-eolicos\\\/\",\"url\":\"https:\\\/\\\/aghventilacionecologica.es\\\/index.php\\\/reparacion-de-extractores-eolicos\\\/\",\"name\":\"Reparaci\u00f3n de Extractores E\u00f3licos - AGH Ventilaci&oacute;n Ecol&oacute;gica\",\"isPartOf\":{\"@id\":\"https:\\\/\\\/aghventilacionecologica.es\\\/#website\"},\"primaryImageOfPage\":{\"@id\":\"https:\\\/\\\/aghventilacionecologica.es\\\/index.php\\\/reparacion-de-extractores-eolicos\\\/#primaryimage\"},\"image\":{\"@id\":\"https:\\\/\\\/aghventilacionecologica.es\\\/index.php\\\/reparacion-de-extractores-eolicos\\\/#primaryimage\"},\"thumbnailUrl\":\"http:\\\/\\\/aghventilacionecologica.es\\\/wp-content\\\/uploads\\\/2020\\\/04\\\/reparacion-extractores-procedimiento.png\",\"datePublished\":\"2020-03-02T10:32:09+00:00\",\"dateModified\":\"2020-04-24T12:00:30+00:00\",\"description\":\"Reparaci\u00f3n de extractores e\u00f3licos met\u00e1licos. el t\u00e9cnico visitar\u00e1 la comunidad que ud nos indique para enviarle un informe del estado actual de los extractores, sin coste alguno.\",\"breadcrumb\":{\"@id\":\"https:\\\/\\\/aghventilacionecologica.es\\\/index.php\\\/reparacion-de-extractores-eolicos\\\/#breadcrumb\"},\"inLanguage\":\"es\",\"potentialAction\":[{\"@type\":\"ReadAction\",\"target\":[\"https:\\\/\\\/aghventilacionecologica.es\\\/index.php\\\/reparacion-de-extractores-eolicos\\\/\"]}]},{\"@type\":\"ImageObject\",\"inLanguage\":\"es\",\"@id\":\"https:\\\/\\\/aghventilacionecologica.es\\\/index.php\\\/reparacion-de-extractores-eolicos\\\/#primaryimage\",\"url\":\"http:\\\/\\\/aghventilacionecologica.es\\\/wp-content\\\/uploads\\\/2020\\\/04\\\/reparacion-extractores-procedimiento.png\",\"contentUrl\":\"http:\\\/\\\/aghventilacionecologica.es\\\/wp-content\\\/uploads\\\/2020\\\/04\\\/reparacion-extractores-procedimiento.png\"},{\"@type\":\"BreadcrumbList\",\"@id\":\"https:\\\/\\\/aghventilacionecologica.es\\\/index.php\\\/reparacion-de-extractores-eolicos\\\/#breadcrumb\",\"itemListElement\":[{\"@type\":\"ListItem\",\"position\":1,\"name\":\"Portada\",\"item\":\"http:\\\/\\\/aghventilacionecologica.es\\\/\"},{\"@type\":\"ListItem\",\"position\":2,\"name\":\"Reparaci\u00f3n de Extractores E\u00f3licos\"}]},{\"@type\":\"WebSite\",\"@id\":\"https:\\\/\\\/aghventilacionecologica.es\\\/#website\",\"url\":\"https:\\\/\\\/aghventilacionecologica.es\\\/\",\"name\":\"AGH Ventilaci&oacute;n Ecol&oacute;gica\",\"description\":\"Eliminacion de olores en ba&ntilde;os y cocinas\",\"publisher\":{\"@id\":\"https:\\\/\\\/aghventilacionecologica.es\\\/#organization\"},\"potentialAction\":[{\"@type\":\"SearchAction\",\"target\":{\"@type\":\"EntryPoint\",\"urlTemplate\":\"https:\\\/\\\/aghventilacionecologica.es\\\/?s={search_term_string}\"},\"query-input\":{\"@type\":\"PropertyValueSpecification\",\"valueRequired\":true,\"valueName\":\"search_term_string\"}}],\"inLanguage\":\"es\"},{\"@type\":\"Organization\",\"@id\":\"https:\\\/\\\/aghventilacionecologica.es\\\/#organization\",\"name\":\"AGH Ventilaci&oacute;n Ecol&oacute;gica\",\"url\":\"https:\\\/\\\/aghventilacionecologica.es\\\/\",\"logo\":{\"@type\":\"ImageObject\",\"inLanguage\":\"es\",\"@id\":\"https:\\\/\\\/aghventilacionecologica.es\\\/#\\\/schema\\\/logo\\\/image\\\/\",\"url\":\"https:\\\/\\\/aghventilacionecologica.es\\\/wp-content\\\/uploads\\\/2020\\\/04\\\/cropped-AGHlogo-01-2-fondo-transparente-scaled.png\",\"contentUrl\":\"https:\\\/\\\/aghventilacionecologica.es\\\/wp-content\\\/uploads\\\/2020\\\/04\\\/cropped-AGHlogo-01-2-fondo-transparente-scaled.png\",\"width\":2560,\"height\":1173,\"caption\":\"AGH Ventilaci&oacute;n Ecol&oacute;gica\"},\"image\":{\"@id\":\"https:\\\/\\\/aghventilacionecologica.es\\\/#\\\/schema\\\/logo\\\/image\\\/\"}}]}<\/script>\n<!-- \/ Yoast SEO plugin. -->","yoast_head_json":{"title":"Reparaci\u00f3n de Extractores E\u00f3licos - AGH Ventilaci&oacute;n Ecol&oacute;gica","description":"Reparaci\u00f3n de extractores e\u00f3licos met\u00e1licos. el t\u00e9cnico visitar\u00e1 la comunidad que ud nos indique para enviarle un informe del estado actual de los extractores, sin coste alguno.","robots":{"index":"index","follow":"follow","max-snippet":"max-snippet:-1","max-image-preview":"max-image-preview:large","max-video-preview":"max-video-preview:-1"},"canonical":"https:\/\/aghventilacionecologica.es\/index.php\/reparacion-de-extractores-eolicos\/","og_locale":"es_ES","og_type":"article","og_title":"Reparaci\u00f3n de Extractores E\u00f3licos - AGH Ventilaci&oacute;n Ecol&oacute;gica","og_description":"Reparaci\u00f3n de extractores e\u00f3licos met\u00e1licos. el t\u00e9cnico visitar\u00e1 la comunidad que ud nos indique para enviarle un informe del estado actual de los extractores, sin coste alguno.","og_url":"https:\/\/aghventilacionecologica.es\/index.php\/reparacion-de-extractores-eolicos\/","og_site_name":"AGH Ventilaci&oacute;n Ecol&oacute;gica","article_modified_time":"2020-04-24T12:00:30+00:00","og_image":[{"url":"http:\/\/aghventilacionecologica.es\/wp-content\/uploads\/2020\/04\/reparacion-extractores-procedimiento.png","type":"","width":"","height":""}],"twitter_card":"summary_large_image","schema":{"@context":"https:\/\/schema.org","@graph":[{"@type":"WebPage","@id":"https:\/\/aghventilacionecologica.es\/index.php\/reparacion-de-extractores-eolicos\/","url":"https:\/\/aghventilacionecologica.es\/index.php\/reparacion-de-extractores-eolicos\/","name":"Reparaci\u00f3n de Extractores E\u00f3licos - AGH Ventilaci&oacute;n Ecol&oacute;gica","isPartOf":{"@id":"https:\/\/aghventilacionecologica.es\/#website"},"primaryImageOfPage":{"@id":"https:\/\/aghventilacionecologica.es\/index.php\/reparacion-de-extractores-eolicos\/#primaryimage"},"image":{"@id":"https:\/\/aghventilacionecologica.es\/index.php\/reparacion-de-extractores-eolicos\/#primaryimage"},"thumbnailUrl":"http:\/\/aghventilacionecologica.es\/wp-content\/uploads\/2020\/04\/reparacion-extractores-procedimiento.png","datePublished":"2020-03-02T10:32:09+00:00","dateModified":"2020-04-24T12:00:30+00:00","description":"Reparaci\u00f3n de extractores e\u00f3licos met\u00e1licos. el t\u00e9cnico visitar\u00e1 la comunidad que ud nos indique para enviarle un informe del estado actual de los extractores, sin coste alguno.","breadcrumb":{"@id":"https:\/\/aghventilacionecologica.es\/index.php\/reparacion-de-extractores-eolicos\/#breadcrumb"},"inLanguage":"es","potentialAction":[{"@type":"ReadAction","target":["https:\/\/aghventilacionecologica.es\/index.php\/reparacion-de-extractores-eolicos\/"]}]},{"@type":"ImageObject","inLanguage":"es","@id":"https:\/\/aghventilacionecologica.es\/index.php\/reparacion-de-extractores-eolicos\/#primaryimage","url":"http:\/\/aghventilacionecologica.es\/wp-content\/uploads\/2020\/04\/reparacion-extractores-procedimiento.png","contentUrl":"http:\/\/aghventilacionecologica.es\/wp-content\/uploads\/2020\/04\/reparacion-extractores-procedimiento.png"},{"@type":"BreadcrumbList","@id":"https:\/\/aghventilacionecologica.es\/index.php\/reparacion-de-extractores-eolicos\/#breadcrumb","itemListElement":[{"@type":"ListItem","position":1,"name":"Portada","item":"http:\/\/aghventilacionecologica.es\/"},{"@type":"ListItem","position":2,"name":"Reparaci\u00f3n de Extractores E\u00f3licos"}]},{"@type":"WebSite","@id":"https:\/\/aghventilacionecologica.es\/#website","url":"https:\/\/aghventilacionecologica.es\/","name":"AGH Ventilaci&oacute;n Ecol&oacute;gica","description":"Eliminacion de olores en ba&ntilde;os y cocinas","publisher":{"@id":"https:\/\/aghventilacionecologica.es\/#organization"},"potentialAction":[{"@type":"SearchAction","target":{"@type":"EntryPoint","urlTemplate":"https:\/\/aghventilacionecologica.es\/?s={search_term_string}"},"query-input":{"@type":"PropertyValueSpecification","valueRequired":true,"valueName":"search_term_string"}}],"inLanguage":"es"},{"@type":"Organization","@id":"https:\/\/aghventilacionecologica.es\/#organization","name":"AGH Ventilaci&oacute;n Ecol&oacute;gica","url":"https:\/\/aghventilacionecologica.es\/","logo":{"@type":"ImageObject","inLanguage":"es","@id":"https:\/\/aghventilacionecologica.es\/#\/schema\/logo\/image\/","url":"https:\/\/aghventilacionecologica.es\/wp-content\/uploads\/2020\/04\/cropped-AGHlogo-01-2-fondo-transparente-scaled.png","contentUrl":"https:\/\/aghventilacionecologica.es\/wp-content\/uploads\/2020\/04\/cropped-AGHlogo-01-2-fondo-transparente-scaled.png","width":2560,"height":1173,"caption":"AGH Ventilaci&oacute;n Ecol&oacute;gica"},"image":{"@id":"https:\/\/aghventilacionecologica.es\/#\/schema\/logo\/image\/"}}]}},"_links":{"self":[{"href":"https:\/\/aghventilacionecologica.es\/index.php\/wp-json\/wp\/v2\/pages\/1384","targetHints":{"allow":["GET"]}}],"collection":[{"href":"https:\/\/aghventilacionecologica.es\/index.php\/wp-json\/wp\/v2\/pages"}],"about":[{"href":"https:\/\/aghventilacionecologica.es\/index.php\/wp-json\/wp\/v2\/types\/page"}],"author":[{"embeddable":true,"href":"https:\/\/aghventilacionecologica.es\/index.php\/wp-json\/wp\/v2\/users\/1"}],"replies":[{"embeddable":true,"href":"https:\/\/aghventilacionecologica.es\/index.php\/wp-json\/wp\/v2\/comments?post=1384"}],"version-history":[{"count":5,"href":"https:\/\/aghventilacionecologica.es\/index.php\/wp-json\/wp\/v2\/pages\/1384\/revisions"}],"predecessor-version":[{"id":2218,"href":"https:\/\/aghventilacionecologica.es\/index.php\/wp-json\/wp\/v2\/pages\/1384\/revisions\/2218"}],"wp:attachment":[{"href":"https:\/\/aghventilacionecologica.es\/index.php\/wp-json\/wp\/v2\/media?parent=1384"}],"curies":[{"name":"wp","href":"https:\/\/api.w.org\/{rel}","templated":true}]}}