{"id":1391,"date":"2020-03-02T10:32:09","date_gmt":"2020-03-02T10:32:09","guid":{"rendered":"http:\/\/citygrasayventilacion.com\/?page_id=1391"},"modified":"2025-05-13T19:37:14","modified_gmt":"2025-05-13T19:37:14","slug":"extractores-industriales","status":"publish","type":"page","link":"https:\/\/aghventilacionecologica.es\/index.php\/extractores-industriales\/","title":{"rendered":"Extractores Industriales"},"content":{"rendered":"<h1>EXTRACTORES<br \/>\nINDUSTRIALES<\/h1>\n<p><noscript><br \/>\nVENTILACI\u00d3N NATURAL PARA INDUSTRIAS, APLICACIONES INDUSTRIALES, SISTEMA TONDACO, 10 A\u00d1OS DE GARANT\u00cdA\t\t\t\t<\/noscript><br \/>\n<!-- close .eael-fancy-text-container --><br \/>\n<img fetchpriority=\"high\" decoding=\"async\" src=\"http:\/\/aghventilacionecologica.es\/wp-content\/uploads\/2020\/04\/IMG-20171205-WA0010-1024x768.jpg\" sizes=\"(max-width: 1024px) 100vw, 1024px\" srcset=\"http:\/\/aghventilacionecologica.es\/wp-content\/uploads\/2020\/04\/IMG-20171205-WA0010-1024x768.jpg 1024w, http:\/\/aghventilacionecologica.es\/wp-content\/uploads\/2020\/04\/IMG-20171205-WA0010-300x225.jpg 300w, http:\/\/aghventilacionecologica.es\/wp-content\/uploads\/2020\/04\/IMG-20171205-WA0010-768x576.jpg 768w, http:\/\/aghventilacionecologica.es\/wp-content\/uploads\/2020\/04\/IMG-20171205-WA0010-1536x1152.jpg 1536w, http:\/\/aghventilacionecologica.es\/wp-content\/uploads\/2020\/04\/IMG-20171205-WA0010.jpg 1600w\" alt=\"\" width=\"1024\" height=\"768\" \/><\/p>\n<h1>EXTRACTOR E\u00d3LICO INDUSTRIAL<\/h1>\n<p>SOPORTA VIENTOS HURACANADOS DE HASTA 250 KM\/H<\/p>\n<p><img decoding=\"async\" src=\"http:\/\/aghventilacionecologica.es\/wp-content\/uploads\/2020\/04\/Extractores-eolico-industrial.png\" sizes=\"(max-width: 504px) 100vw, 504px\" srcset=\"http:\/\/aghventilacionecologica.es\/wp-content\/uploads\/2020\/04\/Extractores-eolico-industrial.png 504w, http:\/\/aghventilacionecologica.es\/wp-content\/uploads\/2020\/04\/Extractores-eolico-industrial-300x258.png 300w\" alt=\"\" width=\"504\" height=\"434\" \/><\/p>\n<h3>VENTILACI\u00d3N NATURAL PARA INDUSTRIAS<\/h3>\n<p><img decoding=\"async\" src=\"http:\/\/aghventilacionecologica.es\/wp-content\/uploads\/2020\/04\/Extractores-eolico-industrial2.png\" sizes=\"(max-width: 522px) 100vw, 522px\" srcset=\"http:\/\/aghventilacionecologica.es\/wp-content\/uploads\/2020\/04\/Extractores-eolico-industrial2.png 522w, http:\/\/aghventilacionecologica.es\/wp-content\/uploads\/2020\/04\/Extractores-eolico-industrial2-227x300.png 227w\" alt=\"\" width=\"522\" height=\"689\" \/><\/p>\n<ul>\n<li>NO SE NECESITA MANTENIMIENTO.<\/li>\n<li>AIRE LIMPIO LAS 24 HORAS.<\/li>\n<li>GIRA CON LA M\u00c1S SUAVE BRISA.<\/li>\n<li>SIN CONSUMO DE ENERG\u00cdA.<\/li>\n<li>SISTEMA DUAL: Ventilaci\u00f3n de Naves. Evacuaci\u00f3n de humo en caso de Incendios.<\/li>\n<\/ul>\n<p><img loading=\"lazy\" decoding=\"async\" src=\"http:\/\/aghventilacionecologica.es\/wp-content\/uploads\/2020\/04\/Extractor-eolico-industrial03-150x150.png\" alt=\"\" width=\"150\" height=\"150\" \/><\/p>\n<p style=\"text-align: center;\"><strong>SIN VENTILACI\u00d3N<\/strong><\/p>\n<p>La ausencia de extractores e\u00f3licos impide que el aire viciado y caliente salga del interior de la nave.<\/p>\n<p><img loading=\"lazy\" decoding=\"async\" src=\"http:\/\/aghventilacionecologica.es\/wp-content\/uploads\/2020\/04\/Extractor-eolico-industrial04-150x150.png\" alt=\"\" width=\"150\" height=\"150\" \/><\/p>\n<p style=\"text-align: center;\"><strong>VENTILACI\u00d3N M\u00cdNIMA<\/strong><\/p>\n<p>los Sistemas de Ventilaci\u00f3n de lima est\u00e1n mal dise\u00f1ados y no generan un movimiento de aire adecuado en la nave.<\/p>\n<p><img loading=\"lazy\" decoding=\"async\" src=\"http:\/\/aghventilacionecologica.es\/wp-content\/uploads\/2020\/04\/Extractor-eolico-industrial05-150x150.png\" alt=\"\" width=\"150\" height=\"150\" \/><\/p>\n<p style=\"text-align: center;\"><strong>CON VENTILACI\u00d3N<\/strong><\/p>\n<p>los Extractores e\u00f3licos EXTRAEN el aire caliente y viciado generado en el interior de la nave.<\/p>\n<p><b>E<\/b>n industrias y almacenes, el ambiente puede estar cargado de polvo, gases t\u00f3xicos, gases de soldaduras, etc. Este ambiente es inapropiado para los trabajadores y puede, a la larga, producir problemas de salud.<br \/>\n<b>Hurricane<\/b> aprovecha la fuerza del viento para girar y extraer el aire caliente y viciado del interior de la nave, de forma que pueda ser remplazado por aire limpio y fresco. Su dise\u00f1o de paletas verticales lo hace \u00fanico en el mercado: le proporciona una capacidad extractora igual o superior a la de los ventiladores mec\u00e1nicos.<br \/>\n<b>Hurricane<\/b> ha sido <b>testado en Australia y Miami por CSIRO Construction Research Laboratory Inc<\/b>. respectivamente, y ha demostrado ser resistente a vientos huracanados, a la penetraci\u00f3n de la lluvia y a climatolog\u00eda agresiva.<\/p>\n<p><img loading=\"lazy\" decoding=\"async\" src=\"http:\/\/aghventilacionecologica.es\/wp-content\/uploads\/2020\/04\/dimenciones-hurricane.png\" sizes=\"(max-width: 1084px) 100vw, 1084px\" srcset=\"http:\/\/aghventilacionecologica.es\/wp-content\/uploads\/2020\/04\/dimenciones-hurricane.png 1084w, http:\/\/aghventilacionecologica.es\/wp-content\/uploads\/2020\/04\/dimenciones-hurricane-300x180.png 300w, http:\/\/aghventilacionecologica.es\/wp-content\/uploads\/2020\/04\/dimenciones-hurricane-1024x613.png 1024w, http:\/\/aghventilacionecologica.es\/wp-content\/uploads\/2020\/04\/dimenciones-hurricane-768x460.png 768w\" alt=\"\" width=\"1084\" height=\"649\" \/><br \/>\n<img loading=\"lazy\" decoding=\"async\" src=\"http:\/\/aghventilacionecologica.es\/wp-content\/uploads\/2020\/04\/Extractor-eolico-industrial06-1024x457.png\" sizes=\"(max-width: 1024px) 100vw, 1024px\" srcset=\"http:\/\/aghventilacionecologica.es\/wp-content\/uploads\/2020\/04\/Extractor-eolico-industrial06-1024x457.png 1024w, http:\/\/aghventilacionecologica.es\/wp-content\/uploads\/2020\/04\/Extractor-eolico-industrial06-300x134.png 300w, http:\/\/aghventilacionecologica.es\/wp-content\/uploads\/2020\/04\/Extractor-eolico-industrial06-768x342.png 768w, http:\/\/aghventilacionecologica.es\/wp-content\/uploads\/2020\/04\/Extractor-eolico-industrial06.png 1258w\" alt=\"\" width=\"1024\" height=\"457\" \/><\/p>\n<p><strong>Hurricane<\/strong> recicla el ambiente de su lugar de trabajo y es el \u00fanico extractor que ofrece:<\/p>\n<ul>\n<li>Dise\u00f1o en aluminio, que lo hace extremadamente ligero y facilita la rotaci\u00f3n.<\/li>\n<li>Resistente a la corroci\u00f3n.<\/li>\n<li>Un cuello ajustable que se adapta a tejados con todo tipo de inclinaciones.<\/li>\n<li>Sistema exclusivo de rodamientos (el sistema <strong><em>Tondaco<\/em><\/strong>) dise\u00f1ado para trabajos intensos y prolongados.<\/li>\n<li>Un dise\u00f1o de paletas verticales que minimiza su fuerza de arranque (la velocidad de viento necesaria para que empiece a girar).<\/li>\n<li>Dise\u00f1o robusto: Soporta vientos de hasta 240 km\/h.<\/li>\n<li><strong>10 A\u00d1OS DE GARANT\u00cdA.<\/strong><\/li>\n<\/ul>\n<h2>aplicaciones industriales<\/h2>\n<ul>\n<li style=\"text-align: left;\">Eliminaci\u00f3n de acumulaci\u00f3n de calor.<\/li>\n<li style=\"text-align: left;\">Reducci\u00f3n considerable de % de humedad.<\/li>\n<li style=\"text-align: left;\">Naves, f\u00e1bricas, granjas, invernaderos.<\/li>\n<li style=\"text-align: left;\">Salas de calderas, de compresores, polideportivos.<\/li>\n<li style=\"text-align: left;\">Industrias agroalimentarias, industria ganadera.<\/li>\n<li style=\"text-align: left;\">Industria metal\u00fargica, industria del papel (papelera).<\/li>\n<li style=\"text-align: left;\">Industria del embalaje, industria del pl\u00e1stico etc.<\/li>\n<\/ul>\n<h2>perfecto para:<\/h2>\n<p>Lavander\u00edas<\/p>\n<p>Grandes F\u00e1bricas<\/p>\n<p>Industrias<\/p>\n<p>Textiles<\/p>\n<p>Casetas Modulares<\/p>\n<p>Complejos mineros<\/p>\n<p>Granjas e Invernaderos<\/p>\n<p>Complejos industriales<\/p>\n<p>Almacenes<\/p>\n<p>Grandes Superficies<\/p>\n<p>Industrias qu\u00edmicas<\/p>\n<p>Cuarto transformaci\u00f3n<\/p>\n<p>Edificios de viviendas<\/p>\n<p>Salas de bombas<\/p>\n<p>Cuarto de calderas<\/p>\n<p><a id=\"presupuesto\" role=\"button\" href=\"https:\/\/aghventilacionecologica.es\/index.php\/contacto\/\"><br \/>\nPedir Presupuesto<br \/>\n<\/a><\/p>\n","protected":false},"excerpt":{"rendered":"<p>EXTRACTORES INDUSTRIALES VENTILACI\u00d3N NATURAL PARA INDUSTRIAS, APLICACIONES INDUSTRIALES, SISTEMA TONDACO, 10 A\u00d1OS DE GARANT\u00cdA EXTRACTOR E\u00d3LICO INDUSTRIAL SOPORTA VIENTOS HURACANADOS DE HASTA 250 KM\/H VENTILACI\u00d3N NATURAL PARA INDUSTRIAS NO SE NECESITA MANTENIMIENTO. AIRE LIMPIO LAS 24 HORAS. GIRA CON LA M\u00c1S SUAVE BRISA. SIN CONSUMO DE ENERG\u00cdA. SISTEMA DUAL: Ventilaci\u00f3n de Naves. Evacuaci\u00f3n de humo [&hellip;]<\/p>\n","protected":false},"author":1,"featured_media":0,"parent":0,"menu_order":0,"comment_status":"closed","ping_status":"closed","template":"","meta":{"_eb_attr":"","site-sidebar-layout":"no-sidebar","site-content-layout":"page-builder","ast-site-content-layout":"full-width-container","site-content-style":"unboxed","site-sidebar-style":"unboxed","ast-global-header-display":"","ast-banner-title-visibility":"","ast-main-header-display":"","ast-hfb-above-header-display":"","ast-hfb-below-header-display":"","ast-hfb-mobile-header-display":"","site-post-title":"disabled","ast-breadcrumbs-content":"","ast-featured-img":"disabled","footer-sml-layout":"","ast-disable-related-posts":"","theme-transparent-header-meta":"default","adv-header-id-meta":"","stick-header-meta":"","header-above-stick-meta":"","header-main-stick-meta":"","header-below-stick-meta":"","astra-migrate-meta-layouts":"set","ast-page-background-enabled":"default","ast-page-background-meta":{"desktop":{"background-color":"","background-image":"","background-repeat":"repeat","background-position":"center center","background-size":"auto","background-attachment":"scroll","background-type":"","background-media":"","overlay-type":"","overlay-color":"","overlay-opacity":"","overlay-gradient":""},"tablet":{"background-color":"","background-image":"","background-repeat":"repeat","background-position":"center center","background-size":"auto","background-attachment":"scroll","background-type":"","background-media":"","overlay-type":"","overlay-color":"","overlay-opacity":"","overlay-gradient":""},"mobile":{"background-color":"","background-image":"","background-repeat":"repeat","background-position":"center center","background-size":"auto","background-attachment":"scroll","background-type":"","background-media":"","overlay-type":"","overlay-color":"","overlay-opacity":"","overlay-gradient":""}},"ast-content-background-meta":{"desktop":{"background-color":"var(--ast-global-color-5)","background-image":"","background-repeat":"repeat","background-position":"center center","background-size":"auto","background-attachment":"scroll","background-type":"","background-media":"","overlay-type":"","overlay-color":"","overlay-opacity":"","overlay-gradient":""},"tablet":{"background-color":"var(--ast-global-color-5)","background-image":"","background-repeat":"repeat","background-position":"center center","background-size":"auto","background-attachment":"scroll","background-type":"","background-media":"","overlay-type":"","overlay-color":"","overlay-opacity":"","overlay-gradient":""},"mobile":{"background-color":"var(--ast-global-color-5)","background-image":"","background-repeat":"repeat","background-position":"center center","background-size":"auto","background-attachment":"scroll","background-type":"","background-media":"","overlay-type":"","overlay-color":"","overlay-opacity":"","overlay-gradient":""}},"footnotes":""},"class_list":["post-1391","page","type-page","status-publish","hentry"],"yoast_head":"<!-- This site is optimized with the Yoast SEO plugin v27.5 - https:\/\/yoast.com\/product\/yoast-seo-wordpress\/ -->\n<title>Extractores Industriales - AGH Ventilaci&oacute;n Ecol&oacute;gica<\/title>\n<meta name=\"robots\" content=\"index, follow, max-snippet:-1, max-image-preview:large, max-video-preview:-1\" \/>\n<link rel=\"canonical\" href=\"http:\/\/aghventilacionecologica.es\/index.php\/extractores-industriales\/\" \/>\n<meta property=\"og:locale\" content=\"es_ES\" \/>\n<meta property=\"og:type\" content=\"article\" \/>\n<meta property=\"og:title\" content=\"Extractores Industriales - AGH Ventilaci&oacute;n Ecol&oacute;gica\" \/>\n<meta property=\"og:description\" content=\"EXTRACTORES INDUSTRIALES VENTILACI\u00d3N NATURAL PARA INDUSTRIAS, APLICACIONES INDUSTRIALES, SISTEMA TONDACO, 10 A\u00d1OS DE GARANT\u00cdA EXTRACTOR E\u00d3LICO INDUSTRIAL SOPORTA VIENTOS HURACANADOS DE HASTA 250 KM\/H VENTILACI\u00d3N NATURAL PARA INDUSTRIAS NO SE NECESITA MANTENIMIENTO. AIRE LIMPIO LAS 24 HORAS. GIRA CON LA M\u00c1S SUAVE BRISA. SIN CONSUMO DE ENERG\u00cdA. SISTEMA DUAL: Ventilaci\u00f3n de Naves. Evacuaci\u00f3n de humo [&hellip;]\" \/>\n<meta property=\"og:url\" content=\"http:\/\/aghventilacionecologica.es\/index.php\/extractores-industriales\/\" \/>\n<meta property=\"og:site_name\" content=\"AGH Ventilaci&oacute;n Ecol&oacute;gica\" \/>\n<meta property=\"article:modified_time\" content=\"2025-05-13T19:37:14+00:00\" \/>\n<meta property=\"og:image\" content=\"http:\/\/aghventilacionecologica.es\/wp-content\/uploads\/2020\/04\/IMG-20171205-WA0010-1024x768.jpg\" \/>\n<meta name=\"twitter:card\" content=\"summary_large_image\" \/>\n<meta name=\"twitter:label1\" content=\"Tiempo de lectura\" \/>\n\t<meta name=\"twitter:data1\" content=\"4 minutos\" \/>\n<script type=\"application\/ld+json\" class=\"yoast-schema-graph\">{\"@context\":\"https:\\\/\\\/schema.org\",\"@graph\":[{\"@type\":\"WebPage\",\"@id\":\"http:\\\/\\\/aghventilacionecologica.es\\\/index.php\\\/extractores-industriales\\\/\",\"url\":\"http:\\\/\\\/aghventilacionecologica.es\\\/index.php\\\/extractores-industriales\\\/\",\"name\":\"Extractores Industriales - AGH Ventilaci&oacute;n Ecol&oacute;gica\",\"isPartOf\":{\"@id\":\"https:\\\/\\\/aghventilacionecologica.es\\\/#website\"},\"primaryImageOfPage\":{\"@id\":\"http:\\\/\\\/aghventilacionecologica.es\\\/index.php\\\/extractores-industriales\\\/#primaryimage\"},\"image\":{\"@id\":\"http:\\\/\\\/aghventilacionecologica.es\\\/index.php\\\/extractores-industriales\\\/#primaryimage\"},\"thumbnailUrl\":\"http:\\\/\\\/aghventilacionecologica.es\\\/wp-content\\\/uploads\\\/2020\\\/04\\\/IMG-20171205-WA0010-1024x768.jpg\",\"datePublished\":\"2020-03-02T10:32:09+00:00\",\"dateModified\":\"2025-05-13T19:37:14+00:00\",\"breadcrumb\":{\"@id\":\"http:\\\/\\\/aghventilacionecologica.es\\\/index.php\\\/extractores-industriales\\\/#breadcrumb\"},\"inLanguage\":\"es\",\"potentialAction\":[{\"@type\":\"ReadAction\",\"target\":[\"http:\\\/\\\/aghventilacionecologica.es\\\/index.php\\\/extractores-industriales\\\/\"]}]},{\"@type\":\"ImageObject\",\"inLanguage\":\"es\",\"@id\":\"http:\\\/\\\/aghventilacionecologica.es\\\/index.php\\\/extractores-industriales\\\/#primaryimage\",\"url\":\"https:\\\/\\\/aghventilacionecologica.es\\\/wp-content\\\/uploads\\\/2020\\\/04\\\/IMG-20171205-WA0010.jpg\",\"contentUrl\":\"https:\\\/\\\/aghventilacionecologica.es\\\/wp-content\\\/uploads\\\/2020\\\/04\\\/IMG-20171205-WA0010.jpg\",\"width\":1600,\"height\":1200},{\"@type\":\"BreadcrumbList\",\"@id\":\"http:\\\/\\\/aghventilacionecologica.es\\\/index.php\\\/extractores-industriales\\\/#breadcrumb\",\"itemListElement\":[{\"@type\":\"ListItem\",\"position\":1,\"name\":\"Portada\",\"item\":\"http:\\\/\\\/aghventilacionecologica.es\\\/\"},{\"@type\":\"ListItem\",\"position\":2,\"name\":\"Extractores Industriales\"}]},{\"@type\":\"WebSite\",\"@id\":\"https:\\\/\\\/aghventilacionecologica.es\\\/#website\",\"url\":\"https:\\\/\\\/aghventilacionecologica.es\\\/\",\"name\":\"AGH Ventilaci&oacute;n Ecol&oacute;gica\",\"description\":\"Eliminacion de olores en ba&ntilde;os y cocinas\",\"publisher\":{\"@id\":\"https:\\\/\\\/aghventilacionecologica.es\\\/#organization\"},\"potentialAction\":[{\"@type\":\"SearchAction\",\"target\":{\"@type\":\"EntryPoint\",\"urlTemplate\":\"https:\\\/\\\/aghventilacionecologica.es\\\/?s={search_term_string}\"},\"query-input\":{\"@type\":\"PropertyValueSpecification\",\"valueRequired\":true,\"valueName\":\"search_term_string\"}}],\"inLanguage\":\"es\"},{\"@type\":\"Organization\",\"@id\":\"https:\\\/\\\/aghventilacionecologica.es\\\/#organization\",\"name\":\"AGH Ventilaci&oacute;n Ecol&oacute;gica\",\"url\":\"https:\\\/\\\/aghventilacionecologica.es\\\/\",\"logo\":{\"@type\":\"ImageObject\",\"inLanguage\":\"es\",\"@id\":\"https:\\\/\\\/aghventilacionecologica.es\\\/#\\\/schema\\\/logo\\\/image\\\/\",\"url\":\"https:\\\/\\\/aghventilacionecologica.es\\\/wp-content\\\/uploads\\\/2020\\\/04\\\/cropped-AGHlogo-01-2-fondo-transparente-scaled.png\",\"contentUrl\":\"https:\\\/\\\/aghventilacionecologica.es\\\/wp-content\\\/uploads\\\/2020\\\/04\\\/cropped-AGHlogo-01-2-fondo-transparente-scaled.png\",\"width\":2560,\"height\":1173,\"caption\":\"AGH Ventilaci&oacute;n Ecol&oacute;gica\"},\"image\":{\"@id\":\"https:\\\/\\\/aghventilacionecologica.es\\\/#\\\/schema\\\/logo\\\/image\\\/\"}}]}<\/script>\n<!-- \/ Yoast SEO plugin. -->","yoast_head_json":{"title":"Extractores Industriales - AGH Ventilaci&oacute;n Ecol&oacute;gica","robots":{"index":"index","follow":"follow","max-snippet":"max-snippet:-1","max-image-preview":"max-image-preview:large","max-video-preview":"max-video-preview:-1"},"canonical":"http:\/\/aghventilacionecologica.es\/index.php\/extractores-industriales\/","og_locale":"es_ES","og_type":"article","og_title":"Extractores Industriales - AGH Ventilaci&oacute;n Ecol&oacute;gica","og_description":"EXTRACTORES INDUSTRIALES VENTILACI\u00d3N NATURAL PARA INDUSTRIAS, APLICACIONES INDUSTRIALES, SISTEMA TONDACO, 10 A\u00d1OS DE GARANT\u00cdA EXTRACTOR E\u00d3LICO INDUSTRIAL SOPORTA VIENTOS HURACANADOS DE HASTA 250 KM\/H VENTILACI\u00d3N NATURAL PARA INDUSTRIAS NO SE NECESITA MANTENIMIENTO. AIRE LIMPIO LAS 24 HORAS. GIRA CON LA M\u00c1S SUAVE BRISA. SIN CONSUMO DE ENERG\u00cdA. SISTEMA DUAL: Ventilaci\u00f3n de Naves. Evacuaci\u00f3n de humo [&hellip;]","og_url":"http:\/\/aghventilacionecologica.es\/index.php\/extractores-industriales\/","og_site_name":"AGH Ventilaci&oacute;n Ecol&oacute;gica","article_modified_time":"2025-05-13T19:37:14+00:00","og_image":[{"url":"http:\/\/aghventilacionecologica.es\/wp-content\/uploads\/2020\/04\/IMG-20171205-WA0010-1024x768.jpg","type":"","width":"","height":""}],"twitter_card":"summary_large_image","twitter_misc":{"Tiempo de lectura":"4 minutos"},"schema":{"@context":"https:\/\/schema.org","@graph":[{"@type":"WebPage","@id":"http:\/\/aghventilacionecologica.es\/index.php\/extractores-industriales\/","url":"http:\/\/aghventilacionecologica.es\/index.php\/extractores-industriales\/","name":"Extractores Industriales - AGH Ventilaci&oacute;n Ecol&oacute;gica","isPartOf":{"@id":"https:\/\/aghventilacionecologica.es\/#website"},"primaryImageOfPage":{"@id":"http:\/\/aghventilacionecologica.es\/index.php\/extractores-industriales\/#primaryimage"},"image":{"@id":"http:\/\/aghventilacionecologica.es\/index.php\/extractores-industriales\/#primaryimage"},"thumbnailUrl":"http:\/\/aghventilacionecologica.es\/wp-content\/uploads\/2020\/04\/IMG-20171205-WA0010-1024x768.jpg","datePublished":"2020-03-02T10:32:09+00:00","dateModified":"2025-05-13T19:37:14+00:00","breadcrumb":{"@id":"http:\/\/aghventilacionecologica.es\/index.php\/extractores-industriales\/#breadcrumb"},"inLanguage":"es","potentialAction":[{"@type":"ReadAction","target":["http:\/\/aghventilacionecologica.es\/index.php\/extractores-industriales\/"]}]},{"@type":"ImageObject","inLanguage":"es","@id":"http:\/\/aghventilacionecologica.es\/index.php\/extractores-industriales\/#primaryimage","url":"https:\/\/aghventilacionecologica.es\/wp-content\/uploads\/2020\/04\/IMG-20171205-WA0010.jpg","contentUrl":"https:\/\/aghventilacionecologica.es\/wp-content\/uploads\/2020\/04\/IMG-20171205-WA0010.jpg","width":1600,"height":1200},{"@type":"BreadcrumbList","@id":"http:\/\/aghventilacionecologica.es\/index.php\/extractores-industriales\/#breadcrumb","itemListElement":[{"@type":"ListItem","position":1,"name":"Portada","item":"http:\/\/aghventilacionecologica.es\/"},{"@type":"ListItem","position":2,"name":"Extractores Industriales"}]},{"@type":"WebSite","@id":"https:\/\/aghventilacionecologica.es\/#website","url":"https:\/\/aghventilacionecologica.es\/","name":"AGH Ventilaci&oacute;n Ecol&oacute;gica","description":"Eliminacion de olores en ba&ntilde;os y cocinas","publisher":{"@id":"https:\/\/aghventilacionecologica.es\/#organization"},"potentialAction":[{"@type":"SearchAction","target":{"@type":"EntryPoint","urlTemplate":"https:\/\/aghventilacionecologica.es\/?s={search_term_string}"},"query-input":{"@type":"PropertyValueSpecification","valueRequired":true,"valueName":"search_term_string"}}],"inLanguage":"es"},{"@type":"Organization","@id":"https:\/\/aghventilacionecologica.es\/#organization","name":"AGH Ventilaci&oacute;n Ecol&oacute;gica","url":"https:\/\/aghventilacionecologica.es\/","logo":{"@type":"ImageObject","inLanguage":"es","@id":"https:\/\/aghventilacionecologica.es\/#\/schema\/logo\/image\/","url":"https:\/\/aghventilacionecologica.es\/wp-content\/uploads\/2020\/04\/cropped-AGHlogo-01-2-fondo-transparente-scaled.png","contentUrl":"https:\/\/aghventilacionecologica.es\/wp-content\/uploads\/2020\/04\/cropped-AGHlogo-01-2-fondo-transparente-scaled.png","width":2560,"height":1173,"caption":"AGH Ventilaci&oacute;n Ecol&oacute;gica"},"image":{"@id":"https:\/\/aghventilacionecologica.es\/#\/schema\/logo\/image\/"}}]}},"_links":{"self":[{"href":"https:\/\/aghventilacionecologica.es\/index.php\/wp-json\/wp\/v2\/pages\/1391","targetHints":{"allow":["GET"]}}],"collection":[{"href":"https:\/\/aghventilacionecologica.es\/index.php\/wp-json\/wp\/v2\/pages"}],"about":[{"href":"https:\/\/aghventilacionecologica.es\/index.php\/wp-json\/wp\/v2\/types\/page"}],"author":[{"embeddable":true,"href":"https:\/\/aghventilacionecologica.es\/index.php\/wp-json\/wp\/v2\/users\/1"}],"replies":[{"embeddable":true,"href":"https:\/\/aghventilacionecologica.es\/index.php\/wp-json\/wp\/v2\/comments?post=1391"}],"version-history":[{"count":10,"href":"https:\/\/aghventilacionecologica.es\/index.php\/wp-json\/wp\/v2\/pages\/1391\/revisions"}],"predecessor-version":[{"id":2934,"href":"https:\/\/aghventilacionecologica.es\/index.php\/wp-json\/wp\/v2\/pages\/1391\/revisions\/2934"}],"wp:attachment":[{"href":"https:\/\/aghventilacionecologica.es\/index.php\/wp-json\/wp\/v2\/media?parent=1391"}],"curies":[{"name":"wp","href":"https:\/\/api.w.org\/{rel}","templated":true}]}}