{"id":16,"date":"2020-02-25T13:40:41","date_gmt":"2020-02-25T13:40:41","guid":{"rendered":"http:\/\/citygrasa.com\/?page_id=16"},"modified":"2025-08-05T15:10:51","modified_gmt":"2025-08-05T15:10:51","slug":"contacto","status":"publish","type":"page","link":"https:\/\/aghventilacionecologica.es\/index.php\/contacto\/","title":{"rendered":"Contacto AGH"},"content":{"rendered":"\t\t<div data-elementor-type=\"wp-page\" data-elementor-id=\"16\" class=\"elementor elementor-16\">\n\t\t\t\t\t\t<section class=\"elementor-section elementor-top-section elementor-element elementor-element-56efe3b elementor-section-boxed elementor-section-height-default elementor-section-height-default\" data-id=\"56efe3b\" data-element_type=\"section\" data-e-type=\"section\">\n\t\t\t\t\t\t<div class=\"elementor-container elementor-column-gap-default\">\n\t\t\t\t\t<div class=\"elementor-column elementor-col-100 elementor-top-column elementor-element elementor-element-2631448\" data-id=\"2631448\" data-element_type=\"column\" data-e-type=\"column\">\n\t\t\t<div class=\"elementor-widget-wrap\">\n\t\t\t\t\t\t\t<\/div>\n\t\t<\/div>\n\t\t\t\t\t<\/div>\n\t\t<\/section>\n\t\t\t\t<section class=\"elementor-section elementor-top-section elementor-element elementor-element-300f11ad elementor-section-boxed elementor-section-height-default elementor-section-height-default\" data-id=\"300f11ad\" data-element_type=\"section\" data-e-type=\"section\">\n\t\t\t\t\t\t<div class=\"elementor-container elementor-column-gap-default\">\n\t\t\t\t\t<div class=\"elementor-column elementor-col-50 elementor-top-column elementor-element elementor-element-48f86277\" data-id=\"48f86277\" data-element_type=\"column\" data-e-type=\"column\" data-settings=\"{&quot;background_background&quot;:&quot;classic&quot;}\">\n\t\t\t<div class=\"elementor-widget-wrap elementor-element-populated\">\n\t\t\t\t\t\t<div class=\"elementor-element elementor-element-36aec96a elementor-widget elementor-widget-text-editor\" data-id=\"36aec96a\" data-element_type=\"widget\" data-e-type=\"widget\" data-widget_type=\"text-editor.default\">\n\t\t\t\t<div class=\"elementor-widget-container\">\n\t\t\t\t\t\t\t\t\t<h1><span style=\"font-size: 1.33333rem; font-weight: 500;\">Env\u00ede sus consultas<\/span><\/h1><p>Escr\u00edbanos y le mandaremos un presupuesto para el servicio que solicite.<\/p>\t\t\t\t\t\t\t\t<\/div>\n\t\t\t\t<\/div>\n\t\t\t\t<div class=\"elementor-element elementor-element-7e67354 elementor-widget elementor-widget-shortcode\" data-id=\"7e67354\" data-element_type=\"widget\" data-e-type=\"widget\" data-widget_type=\"shortcode.default\">\n\t\t\t\t<div class=\"elementor-widget-container\">\n\t\t\t\t\t\t\t<div class=\"elementor-shortcode\"><div class=\"wpforms-container wpforms-container-full\" id=\"wpforms-2066\"><form id=\"wpforms-form-2066\" class=\"wpforms-validate wpforms-form\" data-formid=\"2066\" method=\"post\" enctype=\"multipart\/form-data\" action=\"\/index.php\/wp-json\/wp\/v2\/pages\/16\" data-token=\"35da8856594534c03c70ec8243e2d865\" data-token-time=\"1777745489\"><noscript class=\"wpforms-error-noscript\">Por favor, activa JavaScript en tu navegador para completar este formulario.<\/noscript><div class=\"wpforms-field-container\"><div id=\"wpforms-2066-field_0-container\" class=\"wpforms-field wpforms-field-name\" data-field-id=\"0\"><label class=\"wpforms-field-label\" for=\"wpforms-2066-field_0\">Nombre <span class=\"wpforms-required-label\">*<\/span><\/label><input type=\"text\" id=\"wpforms-2066-field_0\" class=\"wpforms-field-large wpforms-field-required\" name=\"wpforms[fields][0]\" required><\/div><div id=\"wpforms-2066-field_1-container\" class=\"wpforms-field wpforms-field-email\" data-field-id=\"1\"><label class=\"wpforms-field-label\" for=\"wpforms-2066-field_1\">Correo electr\u00f3nico <span class=\"wpforms-required-label\">*<\/span><\/label><input type=\"email\" id=\"wpforms-2066-field_1\" class=\"wpforms-field-large wpforms-field-required\" name=\"wpforms[fields][1]\" spellcheck=\"false\" required><\/div><div id=\"wpforms-2066-field_3-container\" class=\"wpforms-field wpforms-field-number\" data-field-id=\"3\"><label class=\"wpforms-field-label\" for=\"wpforms-2066-field_3\">N\u00famero de Contacto<\/label><input type=\"number\" id=\"wpforms-2066-field_3\" class=\"wpforms-field-large\" name=\"wpforms[fields][3]\" step=\"any\" ><\/div><div id=\"wpforms-2066-field_2-container\" class=\"wpforms-field wpforms-field-textarea\" data-field-id=\"2\"><label class=\"wpforms-field-label\" for=\"wpforms-2066-field_2\">Mensaje <span class=\"wpforms-required-label\">*<\/span><\/label><textarea id=\"wpforms-2066-field_2\" class=\"wpforms-field-medium wpforms-field-required\" name=\"wpforms[fields][2]\" required><\/textarea><\/div><\/div><!-- .wpforms-field-container --><div class=\"wpforms-field wpforms-field-hp\"><label for=\"wpforms-2066-field-hp\" class=\"wpforms-field-label\">Phone<\/label><input type=\"text\" name=\"wpforms[hp]\" id=\"wpforms-2066-field-hp\" class=\"wpforms-field-medium\"><\/div><div class=\"wpforms-submit-container\" ><input type=\"hidden\" name=\"wpforms[id]\" value=\"2066\"><input type=\"hidden\" name=\"page_title\" value=\"\"><input type=\"hidden\" name=\"page_url\" value=\"https:\/\/aghventilacionecologica.es\/index.php\/wp-json\/wp\/v2\/pages\/16\"><input type=\"hidden\" name=\"url_referer\" value=\"\"><button type=\"submit\" name=\"wpforms[submit]\" id=\"wpforms-submit-2066\" class=\"wpforms-submit\" data-alt-text=\"Enviando...\" data-submit-text=\"Enviar\" aria-live=\"assertive\" value=\"wpforms-submit\">Enviar<\/button><\/div><\/form><\/div>  <!-- .wpforms-container --><\/div>\n\t\t\t\t\t\t<\/div>\n\t\t\t\t<\/div>\n\t\t\t\t\t<\/div>\n\t\t<\/div>\n\t\t\t\t<div class=\"elementor-column elementor-col-50 elementor-top-column elementor-element elementor-element-5597442\" data-id=\"5597442\" data-element_type=\"column\" data-e-type=\"column\">\n\t\t\t<div class=\"elementor-widget-wrap elementor-element-populated\">\n\t\t\t\t\t\t<div class=\"elementor-element elementor-element-1b8ee46 elementor-position-left elementor-vertical-align-top elementor-widget elementor-widget-image-box\" data-id=\"1b8ee46\" data-element_type=\"widget\" data-e-type=\"widget\" data-widget_type=\"image-box.default\">\n\t\t\t\t<div class=\"elementor-widget-container\">\n\t\t\t\t\t<div class=\"elementor-image-box-wrapper\"><figure class=\"elementor-image-box-img\"><img decoding=\"async\" width=\"58\" height=\"58\" src=\"http:\/\/aghventilacionecologica.es\/wp-content\/uploads\/2020\/02\/Icon1-free-img.png\" class=\"attachment-full size-full wp-image-1148\" alt=\"\" \/><\/figure><div class=\"elementor-image-box-content\"><h4 class=\"elementor-image-box-title\">Direcci\u00f3n<\/h4><p class=\"elementor-image-box-description\">Calle Francisca Armada, 5 Bajo,\nMadrid \u2013 28047, Espa\u00f1a<\/p><\/div><\/div>\t\t\t\t<\/div>\n\t\t\t\t<\/div>\n\t\t\t\t<div class=\"elementor-element elementor-element-d61ccab elementor-position-left elementor-vertical-align-middle elementor-widget elementor-widget-image-box\" data-id=\"d61ccab\" data-element_type=\"widget\" data-e-type=\"widget\" data-widget_type=\"image-box.default\">\n\t\t\t\t<div class=\"elementor-widget-container\">\n\t\t\t\t\t<div class=\"elementor-image-box-wrapper\"><figure class=\"elementor-image-box-img\"><img decoding=\"async\" width=\"58\" height=\"58\" src=\"http:\/\/aghventilacionecologica.es\/wp-content\/uploads\/2020\/02\/Icon2-free-img.png\" class=\"elementor-animation-grow attachment-full size-full wp-image-1149\" alt=\"\" \/><\/figure><div class=\"elementor-image-box-content\"><h4 class=\"elementor-image-box-title\">Ll\u00e1manos<\/h4><p class=\"elementor-image-box-description\">+34 648 90 99 03\n\n<\/p><\/div><\/div>\t\t\t\t<\/div>\n\t\t\t\t<\/div>\n\t\t\t\t<div class=\"elementor-element elementor-element-f884c84 elementor-position-left elementor-vertical-align-top elementor-widget elementor-widget-image-box\" data-id=\"f884c84\" data-element_type=\"widget\" data-e-type=\"widget\" data-widget_type=\"image-box.default\">\n\t\t\t\t<div class=\"elementor-widget-container\">\n\t\t\t\t\t<div class=\"elementor-image-box-wrapper\"><figure class=\"elementor-image-box-img\"><img decoding=\"async\" width=\"57\" height=\"57\" src=\"http:\/\/aghventilacionecologica.es\/wp-content\/uploads\/2020\/02\/Icon3-free-img.png\" class=\"attachment-full size-full wp-image-1150\" alt=\"\" \/><\/figure><div class=\"elementor-image-box-content\"><h4 class=\"elementor-image-box-title\">Correo electr\u00f3nico<\/h4><p class=\"elementor-image-box-description\">aghventilacionecologica@gmail.com\ninfo@aghventilacionecologica.es<\/p><\/div><\/div>\t\t\t\t<\/div>\n\t\t\t\t<\/div>\n\t\t\t\t<div class=\"elementor-element elementor-element-7974732 elementor-position-left elementor-vertical-align-top elementor-widget elementor-widget-image-box\" data-id=\"7974732\" data-element_type=\"widget\" data-e-type=\"widget\" data-widget_type=\"image-box.default\">\n\t\t\t\t<div class=\"elementor-widget-container\">\n\t\t\t\t\t<div class=\"elementor-image-box-wrapper\"><figure class=\"elementor-image-box-img\"><img loading=\"lazy\" decoding=\"async\" width=\"56\" height=\"56\" src=\"http:\/\/aghventilacionecologica.es\/wp-content\/uploads\/2020\/02\/Icon4-free-img.png\" class=\"attachment-full size-full wp-image-1151\" alt=\"\" \/><\/figure><div class=\"elementor-image-box-content\"><h4 class=\"elementor-image-box-title\">Horario Oficina<\/h4><p class=\"elementor-image-box-description\">Lun \u2013 Vie: 9:00 \u2013 17:00<\/p><\/div><\/div>\t\t\t\t<\/div>\n\t\t\t\t<\/div>\n\t\t\t\t\t<\/div>\n\t\t<\/div>\n\t\t\t\t\t<\/div>\n\t\t<\/section>\n\t\t\t\t<\/div>\n\t\t","protected":false},"excerpt":{"rendered":"<p>Env\u00ede sus consultas Escr\u00edbanos y le mandaremos un presupuesto para el servicio que solicite. Direcci\u00f3n Calle Francisca Armada, 5 Bajo, Madrid \u2013 28047, Espa\u00f1a Ll\u00e1manos +34 648 90 99 03 Correo electr\u00f3nico aghventilacionecologica@gmail.com info@aghventilacionecologica.es Horario Oficina Lun \u2013 Vie: 9:00 \u2013 17:00<\/p>\n","protected":false},"author":1,"featured_media":0,"parent":0,"menu_order":0,"comment_status":"closed","ping_status":"closed","template":"","meta":{"_eb_attr":"","site-sidebar-layout":"no-sidebar","site-content-layout":"page-builder","ast-site-content-layout":"full-width-container","site-content-style":"unboxed","site-sidebar-style":"unboxed","ast-global-header-display":"","ast-banner-title-visibility":"","ast-main-header-display":"","ast-hfb-above-header-display":"","ast-hfb-below-header-display":"","ast-hfb-mobile-header-display":"","site-post-title":"disabled","ast-breadcrumbs-content":"","ast-featured-img":"disabled","footer-sml-layout":"","ast-disable-related-posts":"","theme-transparent-header-meta":"default","adv-header-id-meta":"","stick-header-meta":"","header-above-stick-meta":"","header-main-stick-meta":"","header-below-stick-meta":"","astra-migrate-meta-layouts":"set","ast-page-background-enabled":"default","ast-page-background-meta":{"desktop":{"background-color":"","background-image":"","background-repeat":"repeat","background-position":"center center","background-size":"auto","background-attachment":"scroll","background-type":"","background-media":"","overlay-type":"","overlay-color":"","overlay-opacity":"","overlay-gradient":""},"tablet":{"background-color":"","background-image":"","background-repeat":"repeat","background-position":"center center","background-size":"auto","background-attachment":"scroll","background-type":"","background-media":"","overlay-type":"","overlay-color":"","overlay-opacity":"","overlay-gradient":""},"mobile":{"background-color":"","background-image":"","background-repeat":"repeat","background-position":"center center","background-size":"auto","background-attachment":"scroll","background-type":"","background-media":"","overlay-type":"","overlay-color":"","overlay-opacity":"","overlay-gradient":""}},"ast-content-background-meta":{"desktop":{"background-color":"var(--ast-global-color-5)","background-image":"","background-repeat":"repeat","background-position":"center center","background-size":"auto","background-attachment":"scroll","background-type":"","background-media":"","overlay-type":"","overlay-color":"","overlay-opacity":"","overlay-gradient":""},"tablet":{"background-color":"var(--ast-global-color-5)","background-image":"","background-repeat":"repeat","background-position":"center center","background-size":"auto","background-attachment":"scroll","background-type":"","background-media":"","overlay-type":"","overlay-color":"","overlay-opacity":"","overlay-gradient":""},"mobile":{"background-color":"var(--ast-global-color-5)","background-image":"","background-repeat":"repeat","background-position":"center center","background-size":"auto","background-attachment":"scroll","background-type":"","background-media":"","overlay-type":"","overlay-color":"","overlay-opacity":"","overlay-gradient":""}},"footnotes":""},"class_list":["post-16","page","type-page","status-publish","hentry"],"yoast_head":"<!-- This site is optimized with the Yoast SEO plugin v27.5 - https:\/\/yoast.com\/product\/yoast-seo-wordpress\/ -->\n<title>Contacto AGH - AGH Ventilaci&oacute;n Ecol&oacute;gica<\/title>\n<meta name=\"robots\" content=\"index, follow, max-snippet:-1, max-image-preview:large, max-video-preview:-1\" \/>\n<link rel=\"canonical\" href=\"http:\/\/aghventilacionecologica.es\/index.php\/contacto\/\" \/>\n<meta property=\"og:locale\" content=\"es_ES\" \/>\n<meta property=\"og:type\" content=\"article\" \/>\n<meta property=\"og:title\" content=\"Contacto AGH - AGH Ventilaci&oacute;n Ecol&oacute;gica\" \/>\n<meta property=\"og:description\" content=\"Env\u00ede sus consultas Escr\u00edbanos y le mandaremos un presupuesto para el servicio que solicite. Direcci\u00f3n Calle Francisca Armada, 5 Bajo, Madrid \u2013 28047, Espa\u00f1a Ll\u00e1manos +34 648 90 99 03 Correo electr\u00f3nico aghventilacionecologica@gmail.com info@aghventilacionecologica.es Horario Oficina Lun \u2013 Vie: 9:00 \u2013 17:00\" \/>\n<meta property=\"og:url\" content=\"http:\/\/aghventilacionecologica.es\/index.php\/contacto\/\" \/>\n<meta property=\"og:site_name\" content=\"AGH Ventilaci&oacute;n Ecol&oacute;gica\" \/>\n<meta property=\"article:modified_time\" content=\"2025-08-05T15:10:51+00:00\" \/>\n<meta property=\"og:image\" content=\"https:\/\/aghventilacionecologica.es\/wp-content\/uploads\/2020\/02\/Icon1-free-img.png\" \/>\n\t<meta property=\"og:image:width\" content=\"58\" \/>\n\t<meta property=\"og:image:height\" content=\"58\" \/>\n\t<meta property=\"og:image:type\" content=\"image\/png\" \/>\n<meta name=\"twitter:card\" content=\"summary_large_image\" \/>\n<meta name=\"twitter:label1\" content=\"Tiempo de lectura\" \/>\n\t<meta name=\"twitter:data1\" content=\"1 minuto\" \/>\n<script type=\"application\/ld+json\" class=\"yoast-schema-graph\">{\"@context\":\"https:\\\/\\\/schema.org\",\"@graph\":[{\"@type\":\"WebPage\",\"@id\":\"http:\\\/\\\/aghventilacionecologica.es\\\/index.php\\\/contacto\\\/\",\"url\":\"http:\\\/\\\/aghventilacionecologica.es\\\/index.php\\\/contacto\\\/\",\"name\":\"Contacto AGH - AGH Ventilaci&oacute;n Ecol&oacute;gica\",\"isPartOf\":{\"@id\":\"https:\\\/\\\/aghventilacionecologica.es\\\/#website\"},\"primaryImageOfPage\":{\"@id\":\"http:\\\/\\\/aghventilacionecologica.es\\\/index.php\\\/contacto\\\/#primaryimage\"},\"image\":{\"@id\":\"http:\\\/\\\/aghventilacionecologica.es\\\/index.php\\\/contacto\\\/#primaryimage\"},\"thumbnailUrl\":\"http:\\\/\\\/aghventilacionecologica.es\\\/wp-content\\\/uploads\\\/2020\\\/02\\\/Icon1-free-img.png\",\"datePublished\":\"2020-02-25T13:40:41+00:00\",\"dateModified\":\"2025-08-05T15:10:51+00:00\",\"breadcrumb\":{\"@id\":\"http:\\\/\\\/aghventilacionecologica.es\\\/index.php\\\/contacto\\\/#breadcrumb\"},\"inLanguage\":\"es\",\"potentialAction\":[{\"@type\":\"ReadAction\",\"target\":[\"http:\\\/\\\/aghventilacionecologica.es\\\/index.php\\\/contacto\\\/\"]}]},{\"@type\":\"ImageObject\",\"inLanguage\":\"es\",\"@id\":\"http:\\\/\\\/aghventilacionecologica.es\\\/index.php\\\/contacto\\\/#primaryimage\",\"url\":\"https:\\\/\\\/aghventilacionecologica.es\\\/wp-content\\\/uploads\\\/2020\\\/02\\\/Icon1-free-img.png\",\"contentUrl\":\"https:\\\/\\\/aghventilacionecologica.es\\\/wp-content\\\/uploads\\\/2020\\\/02\\\/Icon1-free-img.png\",\"width\":58,\"height\":58},{\"@type\":\"BreadcrumbList\",\"@id\":\"http:\\\/\\\/aghventilacionecologica.es\\\/index.php\\\/contacto\\\/#breadcrumb\",\"itemListElement\":[{\"@type\":\"ListItem\",\"position\":1,\"name\":\"Portada\",\"item\":\"http:\\\/\\\/aghventilacionecologica.es\\\/\"},{\"@type\":\"ListItem\",\"position\":2,\"name\":\"Contacto AGH\"}]},{\"@type\":\"WebSite\",\"@id\":\"https:\\\/\\\/aghventilacionecologica.es\\\/#website\",\"url\":\"https:\\\/\\\/aghventilacionecologica.es\\\/\",\"name\":\"AGH Ventilaci&oacute;n Ecol&oacute;gica\",\"description\":\"Eliminacion de olores en ba&ntilde;os y cocinas\",\"publisher\":{\"@id\":\"https:\\\/\\\/aghventilacionecologica.es\\\/#organization\"},\"potentialAction\":[{\"@type\":\"SearchAction\",\"target\":{\"@type\":\"EntryPoint\",\"urlTemplate\":\"https:\\\/\\\/aghventilacionecologica.es\\\/?s={search_term_string}\"},\"query-input\":{\"@type\":\"PropertyValueSpecification\",\"valueRequired\":true,\"valueName\":\"search_term_string\"}}],\"inLanguage\":\"es\"},{\"@type\":\"Organization\",\"@id\":\"https:\\\/\\\/aghventilacionecologica.es\\\/#organization\",\"name\":\"AGH Ventilaci&oacute;n Ecol&oacute;gica\",\"url\":\"https:\\\/\\\/aghventilacionecologica.es\\\/\",\"logo\":{\"@type\":\"ImageObject\",\"inLanguage\":\"es\",\"@id\":\"https:\\\/\\\/aghventilacionecologica.es\\\/#\\\/schema\\\/logo\\\/image\\\/\",\"url\":\"https:\\\/\\\/aghventilacionecologica.es\\\/wp-content\\\/uploads\\\/2020\\\/04\\\/cropped-AGHlogo-01-2-fondo-transparente-scaled.png\",\"contentUrl\":\"https:\\\/\\\/aghventilacionecologica.es\\\/wp-content\\\/uploads\\\/2020\\\/04\\\/cropped-AGHlogo-01-2-fondo-transparente-scaled.png\",\"width\":2560,\"height\":1173,\"caption\":\"AGH Ventilaci&oacute;n Ecol&oacute;gica\"},\"image\":{\"@id\":\"https:\\\/\\\/aghventilacionecologica.es\\\/#\\\/schema\\\/logo\\\/image\\\/\"}}]}<\/script>\n<!-- \/ Yoast SEO plugin. -->","yoast_head_json":{"title":"Contacto AGH - AGH Ventilaci&oacute;n Ecol&oacute;gica","robots":{"index":"index","follow":"follow","max-snippet":"max-snippet:-1","max-image-preview":"max-image-preview:large","max-video-preview":"max-video-preview:-1"},"canonical":"http:\/\/aghventilacionecologica.es\/index.php\/contacto\/","og_locale":"es_ES","og_type":"article","og_title":"Contacto AGH - AGH Ventilaci&oacute;n Ecol&oacute;gica","og_description":"Env\u00ede sus consultas Escr\u00edbanos y le mandaremos un presupuesto para el servicio que solicite. Direcci\u00f3n Calle Francisca Armada, 5 Bajo, Madrid \u2013 28047, Espa\u00f1a Ll\u00e1manos +34 648 90 99 03 Correo electr\u00f3nico aghventilacionecologica@gmail.com info@aghventilacionecologica.es Horario Oficina Lun \u2013 Vie: 9:00 \u2013 17:00","og_url":"http:\/\/aghventilacionecologica.es\/index.php\/contacto\/","og_site_name":"AGH Ventilaci&oacute;n Ecol&oacute;gica","article_modified_time":"2025-08-05T15:10:51+00:00","og_image":[{"width":58,"height":58,"url":"https:\/\/aghventilacionecologica.es\/wp-content\/uploads\/2020\/02\/Icon1-free-img.png","type":"image\/png"}],"twitter_card":"summary_large_image","twitter_misc":{"Tiempo de lectura":"1 minuto"},"schema":{"@context":"https:\/\/schema.org","@graph":[{"@type":"WebPage","@id":"http:\/\/aghventilacionecologica.es\/index.php\/contacto\/","url":"http:\/\/aghventilacionecologica.es\/index.php\/contacto\/","name":"Contacto AGH - AGH Ventilaci&oacute;n Ecol&oacute;gica","isPartOf":{"@id":"https:\/\/aghventilacionecologica.es\/#website"},"primaryImageOfPage":{"@id":"http:\/\/aghventilacionecologica.es\/index.php\/contacto\/#primaryimage"},"image":{"@id":"http:\/\/aghventilacionecologica.es\/index.php\/contacto\/#primaryimage"},"thumbnailUrl":"http:\/\/aghventilacionecologica.es\/wp-content\/uploads\/2020\/02\/Icon1-free-img.png","datePublished":"2020-02-25T13:40:41+00:00","dateModified":"2025-08-05T15:10:51+00:00","breadcrumb":{"@id":"http:\/\/aghventilacionecologica.es\/index.php\/contacto\/#breadcrumb"},"inLanguage":"es","potentialAction":[{"@type":"ReadAction","target":["http:\/\/aghventilacionecologica.es\/index.php\/contacto\/"]}]},{"@type":"ImageObject","inLanguage":"es","@id":"http:\/\/aghventilacionecologica.es\/index.php\/contacto\/#primaryimage","url":"https:\/\/aghventilacionecologica.es\/wp-content\/uploads\/2020\/02\/Icon1-free-img.png","contentUrl":"https:\/\/aghventilacionecologica.es\/wp-content\/uploads\/2020\/02\/Icon1-free-img.png","width":58,"height":58},{"@type":"BreadcrumbList","@id":"http:\/\/aghventilacionecologica.es\/index.php\/contacto\/#breadcrumb","itemListElement":[{"@type":"ListItem","position":1,"name":"Portada","item":"http:\/\/aghventilacionecologica.es\/"},{"@type":"ListItem","position":2,"name":"Contacto AGH"}]},{"@type":"WebSite","@id":"https:\/\/aghventilacionecologica.es\/#website","url":"https:\/\/aghventilacionecologica.es\/","name":"AGH Ventilaci&oacute;n Ecol&oacute;gica","description":"Eliminacion de olores en ba&ntilde;os y cocinas","publisher":{"@id":"https:\/\/aghventilacionecologica.es\/#organization"},"potentialAction":[{"@type":"SearchAction","target":{"@type":"EntryPoint","urlTemplate":"https:\/\/aghventilacionecologica.es\/?s={search_term_string}"},"query-input":{"@type":"PropertyValueSpecification","valueRequired":true,"valueName":"search_term_string"}}],"inLanguage":"es"},{"@type":"Organization","@id":"https:\/\/aghventilacionecologica.es\/#organization","name":"AGH Ventilaci&oacute;n Ecol&oacute;gica","url":"https:\/\/aghventilacionecologica.es\/","logo":{"@type":"ImageObject","inLanguage":"es","@id":"https:\/\/aghventilacionecologica.es\/#\/schema\/logo\/image\/","url":"https:\/\/aghventilacionecologica.es\/wp-content\/uploads\/2020\/04\/cropped-AGHlogo-01-2-fondo-transparente-scaled.png","contentUrl":"https:\/\/aghventilacionecologica.es\/wp-content\/uploads\/2020\/04\/cropped-AGHlogo-01-2-fondo-transparente-scaled.png","width":2560,"height":1173,"caption":"AGH Ventilaci&oacute;n Ecol&oacute;gica"},"image":{"@id":"https:\/\/aghventilacionecologica.es\/#\/schema\/logo\/image\/"}}]}},"_links":{"self":[{"href":"https:\/\/aghventilacionecologica.es\/index.php\/wp-json\/wp\/v2\/pages\/16","targetHints":{"allow":["GET"]}}],"collection":[{"href":"https:\/\/aghventilacionecologica.es\/index.php\/wp-json\/wp\/v2\/pages"}],"about":[{"href":"https:\/\/aghventilacionecologica.es\/index.php\/wp-json\/wp\/v2\/types\/page"}],"author":[{"embeddable":true,"href":"https:\/\/aghventilacionecologica.es\/index.php\/wp-json\/wp\/v2\/users\/1"}],"replies":[{"embeddable":true,"href":"https:\/\/aghventilacionecologica.es\/index.php\/wp-json\/wp\/v2\/comments?post=16"}],"version-history":[{"count":49,"href":"https:\/\/aghventilacionecologica.es\/index.php\/wp-json\/wp\/v2\/pages\/16\/revisions"}],"predecessor-version":[{"id":2965,"href":"https:\/\/aghventilacionecologica.es\/index.php\/wp-json\/wp\/v2\/pages\/16\/revisions\/2965"}],"wp:attachment":[{"href":"https:\/\/aghventilacionecologica.es\/index.php\/wp-json\/wp\/v2\/media?parent=16"}],"curies":[{"name":"wp","href":"https:\/\/api.w.org\/{rel}","templated":true}]}}